{"id":97,"date":"2023-05-07T20:55:54","date_gmt":"2023-05-07T20:55:54","guid":{"rendered":"https:\/\/litapro.ch\/?page_id=97"},"modified":"2025-10-05T20:00:15","modified_gmt":"2025-10-05T20:00:15","slug":"hauptseite-copy","status":"publish","type":"page","link":"https:\/\/litapro.ch\/?page_id=97","title":{"rendered":""},"content":{"rendered":"\t\t<div data-elementor-type=\"wp-page\" data-elementor-id=\"97\" class=\"elementor elementor-97\">\n\t\t\t\t\t\t\t\t\t<section class=\"elementor-section elementor-top-section elementor-element elementor-element-f54b8a8 elementor-section-boxed elementor-section-height-default elementor-section-height-default\" data-id=\"f54b8a8\" data-element_type=\"section\">\n\t\t\t\t\t\t<div class=\"elementor-container elementor-column-gap-default\">\n\t\t\t\t\t<div class=\"elementor-column elementor-col-100 elementor-top-column elementor-element elementor-element-1a45dfa\" data-id=\"1a45dfa\" data-element_type=\"column\">\n\t\t\t<div class=\"elementor-widget-wrap elementor-element-populated\">\n\t\t\t\t\t\t\t\t<div class=\"elementor-element elementor-element-f283d03 animated-slow elementor-widget__width-initial elementor-invisible elementor-widget elementor-widget-image\" data-id=\"f283d03\" data-element_type=\"widget\" data-settings=\"{&quot;_animation&quot;:&quot;fadeIn&quot;,&quot;_animation_delay&quot;:200}\" data-widget_type=\"image.default\">\n\t\t\t\t<div class=\"elementor-widget-container\">\n\t\t\t<style>\/*! elementor - v3.13.2 - 11-05-2023 *\/\n.elementor-widget-image{text-align:center}.elementor-widget-image a{display:inline-block}.elementor-widget-image a img[src$=\".svg\"]{width:48px}.elementor-widget-image img{vertical-align:middle;display:inline-block}<\/style>\t\t\t\t\t\t\t\t\t\t\t\t<img loading=\"lazy\" decoding=\"async\" width=\"1542\" height=\"591\" src=\"https:\/\/litapro.ch\/wp-content\/uploads\/2024\/04\/header_website_litapro_ch_2_neues-format.jpg\" class=\"attachment-full size-full wp-image-616\" alt=\"\" srcset=\"https:\/\/litapro.ch\/wp-content\/uploads\/2024\/04\/header_website_litapro_ch_2_neues-format.jpg 1542w, https:\/\/litapro.ch\/wp-content\/uploads\/2024\/04\/header_website_litapro_ch_2_neues-format-300x115.jpg 300w, https:\/\/litapro.ch\/wp-content\/uploads\/2024\/04\/header_website_litapro_ch_2_neues-format-1024x392.jpg 1024w, https:\/\/litapro.ch\/wp-content\/uploads\/2024\/04\/header_website_litapro_ch_2_neues-format-768x294.jpg 768w, https:\/\/litapro.ch\/wp-content\/uploads\/2024\/04\/header_website_litapro_ch_2_neues-format-1536x589.jpg 1536w\" sizes=\"auto, (max-width: 1542px) 100vw, 1542px\" \/>\t\t\t\t\t\t\t\t\t\t\t\t\t\t\t<\/div>\n\t\t\t\t<\/div>\n\t\t\t\t\t<\/div>\n\t\t<\/div>\n\t\t\t\t\t\t\t<\/div>\n\t\t<\/section>\n\t\t\t\t<section class=\"elementor-section elementor-top-section elementor-element elementor-element-96eb854 elementor-section-boxed elementor-section-height-default elementor-section-height-default\" data-id=\"96eb854\" data-element_type=\"section\">\n\t\t\t\t\t\t<div class=\"elementor-container elementor-column-gap-default\">\n\t\t\t\t\t<div class=\"elementor-column elementor-col-100 elementor-top-column elementor-element elementor-element-41406de\" data-id=\"41406de\" data-element_type=\"column\">\n\t\t\t<div class=\"elementor-widget-wrap elementor-element-populated\">\n\t\t\t\t\t\t\t\t<div class=\"elementor-element elementor-element-e6cb882 elementor-widget elementor-widget-spacer\" data-id=\"e6cb882\" data-element_type=\"widget\" data-widget_type=\"spacer.default\">\n\t\t\t\t<div class=\"elementor-widget-container\">\n\t\t\t<style>\/*! elementor - v3.13.2 - 11-05-2023 *\/\n.elementor-column .elementor-spacer-inner{height:var(--spacer-size)}.e-con{--container-widget-width:100%}.e-con-inner>.elementor-widget-spacer,.e-con>.elementor-widget-spacer{width:var(--container-widget-width,var(--spacer-size));--align-self:var(--container-widget-align-self,initial);--flex-shrink:0}.e-con-inner>.elementor-widget-spacer>.elementor-widget-container,.e-con-inner>.elementor-widget-spacer>.elementor-widget-container>.elementor-spacer,.e-con>.elementor-widget-spacer>.elementor-widget-container,.e-con>.elementor-widget-spacer>.elementor-widget-container>.elementor-spacer{height:100%}.e-con-inner>.elementor-widget-spacer>.elementor-widget-container>.elementor-spacer>.elementor-spacer-inner,.e-con>.elementor-widget-spacer>.elementor-widget-container>.elementor-spacer>.elementor-spacer-inner{height:var(--container-widget-height,var(--spacer-size))}<\/style>\t\t<div class=\"elementor-spacer\">\n\t\t\t<div class=\"elementor-spacer-inner\"><\/div>\n\t\t<\/div>\n\t\t\t\t<\/div>\n\t\t\t\t<\/div>\n\t\t\t\t\t<\/div>\n\t\t<\/div>\n\t\t\t\t\t\t\t<\/div>\n\t\t<\/section>\n\t\t\t\t<section class=\"elementor-section elementor-top-section elementor-element elementor-element-6853052 elementor-section-boxed elementor-section-height-default elementor-section-height-default\" data-id=\"6853052\" data-element_type=\"section\">\n\t\t\t\t\t\t<div class=\"elementor-container elementor-column-gap-default\">\n\t\t\t\t\t<div class=\"elementor-column elementor-col-33 elementor-top-column elementor-element elementor-element-779d3cd\" data-id=\"779d3cd\" data-element_type=\"column\">\n\t\t\t<div class=\"elementor-widget-wrap elementor-element-populated\">\n\t\t\t\t\t\t\t\t<div class=\"elementor-element elementor-element-37c8fd3 gallery-spacing-custom elementor-invisible elementor-widget elementor-widget-image-gallery\" data-id=\"37c8fd3\" data-element_type=\"widget\" data-settings=\"{&quot;_animation&quot;:&quot;slideInUp&quot;}\" data-widget_type=\"image-gallery.default\">\n\t\t\t\t<div class=\"elementor-widget-container\">\n\t\t\t<style>\/*! elementor - v3.13.2 - 11-05-2023 *\/\n.elementor-image-gallery .gallery-item{display:inline-block;text-align:center;vertical-align:top;width:100%;max-width:100%;margin:0 auto}.elementor-image-gallery .gallery-item img{margin:0 auto}.elementor-image-gallery .gallery-item .gallery-caption{margin:0}.elementor-image-gallery figure img{display:block}.elementor-image-gallery figure figcaption{width:100%}.gallery-spacing-custom .elementor-image-gallery .gallery-icon{padding:0}@media (min-width:768px){.elementor-image-gallery .gallery-columns-2 .gallery-item{max-width:50%}.elementor-image-gallery .gallery-columns-3 .gallery-item{max-width:33.33%}.elementor-image-gallery .gallery-columns-4 .gallery-item{max-width:25%}.elementor-image-gallery .gallery-columns-5 .gallery-item{max-width:20%}.elementor-image-gallery .gallery-columns-6 .gallery-item{max-width:16.666%}.elementor-image-gallery .gallery-columns-7 .gallery-item{max-width:14.28%}.elementor-image-gallery .gallery-columns-8 .gallery-item{max-width:12.5%}.elementor-image-gallery .gallery-columns-9 .gallery-item{max-width:11.11%}.elementor-image-gallery .gallery-columns-10 .gallery-item{max-width:10%}}@media (min-width:480px) and (max-width:767px){.elementor-image-gallery .gallery.gallery-columns-2 .gallery-item,.elementor-image-gallery .gallery.gallery-columns-3 .gallery-item,.elementor-image-gallery .gallery.gallery-columns-4 .gallery-item,.elementor-image-gallery .gallery.gallery-columns-5 .gallery-item,.elementor-image-gallery .gallery.gallery-columns-6 .gallery-item,.elementor-image-gallery .gallery.gallery-columns-7 .gallery-item,.elementor-image-gallery .gallery.gallery-columns-8 .gallery-item,.elementor-image-gallery .gallery.gallery-columns-9 .gallery-item,.elementor-image-gallery .gallery.gallery-columns-10 .gallery-item{max-width:50%}}@media (max-width:479px){.elementor-image-gallery .gallery.gallery-columns-2 .gallery-item,.elementor-image-gallery .gallery.gallery-columns-3 .gallery-item,.elementor-image-gallery .gallery.gallery-columns-4 .gallery-item,.elementor-image-gallery .gallery.gallery-columns-5 .gallery-item,.elementor-image-gallery .gallery.gallery-columns-6 .gallery-item,.elementor-image-gallery .gallery.gallery-columns-7 .gallery-item,.elementor-image-gallery .gallery.gallery-columns-8 .gallery-item,.elementor-image-gallery .gallery.gallery-columns-9 .gallery-item,.elementor-image-gallery .gallery.gallery-columns-10 .gallery-item{max-width:100%}}<\/style>\t\t<div class=\"elementor-image-gallery\">\n\t\t\t<div id='gallery-1' class='gallery galleryid-97 gallery-columns-2 gallery-size-full'><figure class='gallery-item'>\n\t\t\t<div class='gallery-icon landscape'>\n\t\t\t\t<a data-elementor-open-lightbox=\"yes\" data-elementor-lightbox-slideshow=\"37c8fd3\" data-elementor-lightbox-title=\"Ford Transit Custom\" data-elementor-lightbox-description=\"Ford Transit Custom\" data-e-action-hash=\"#elementor-action%3Aaction%3Dlightbox%26settings%3DeyJpZCI6ODQyLCJ1cmwiOiJodHRwczpcL1wvbGl0YXByby5jaFwvd3AtY29udGVudFwvdXBsb2Fkc1wvMjAyNVwvMDRcL2ZvcmRfdHJhbnNpdF9jdXN0b20uanBnIiwic2xpZGVzaG93IjoiMzdjOGZkMyJ9\" href='https:\/\/litapro.ch\/wp-content\/uploads\/2025\/04\/ford_transit_custom.jpg'><img loading=\"lazy\" decoding=\"async\" width=\"1000\" height=\"667\" src=\"https:\/\/litapro.ch\/wp-content\/uploads\/2025\/04\/ford_transit_custom.jpg\" class=\"attachment-full size-full\" alt=\"Ford Transit Custom\" aria-describedby=\"gallery-1-842\" srcset=\"https:\/\/litapro.ch\/wp-content\/uploads\/2025\/04\/ford_transit_custom.jpg 1000w, https:\/\/litapro.ch\/wp-content\/uploads\/2025\/04\/ford_transit_custom-300x200.jpg 300w, https:\/\/litapro.ch\/wp-content\/uploads\/2025\/04\/ford_transit_custom-768x512.jpg 768w\" sizes=\"auto, (max-width: 1000px) 100vw, 1000px\" \/><\/a>\n\t\t\t<\/div>\n\t\t\t\t<figcaption class='wp-caption-text gallery-caption' id='gallery-1-842'>\n\t\t\t\tFord Transit Custom\n\t\t\t\t<\/figcaption><\/figure><figure class='gallery-item'>\n\t\t\t<div class='gallery-icon landscape'>\n\t\t\t\t<a data-elementor-open-lightbox=\"yes\" data-elementor-lightbox-slideshow=\"37c8fd3\" data-elementor-lightbox-title=\"Ford Tourneo Connect\" data-elementor-lightbox-description=\"Ford Tourneo Connect\" data-e-action-hash=\"#elementor-action%3Aaction%3Dlightbox%26settings%3DeyJpZCI6ODQwLCJ1cmwiOiJodHRwczpcL1wvbGl0YXByby5jaFwvd3AtY29udGVudFwvdXBsb2Fkc1wvMjAyNVwvMDRcL2ZvcmRfdG91cm5lb19jb25uZWN0LmpwZyIsInNsaWRlc2hvdyI6IjM3YzhmZDMifQ%3D%3D\" href='https:\/\/litapro.ch\/wp-content\/uploads\/2025\/04\/ford_tourneo_connect.jpg'><img loading=\"lazy\" decoding=\"async\" width=\"1000\" height=\"667\" src=\"https:\/\/litapro.ch\/wp-content\/uploads\/2025\/04\/ford_tourneo_connect.jpg\" class=\"attachment-full size-full\" alt=\"Ford Tourneo Connect\" aria-describedby=\"gallery-1-840\" srcset=\"https:\/\/litapro.ch\/wp-content\/uploads\/2025\/04\/ford_tourneo_connect.jpg 1000w, https:\/\/litapro.ch\/wp-content\/uploads\/2025\/04\/ford_tourneo_connect-300x200.jpg 300w, https:\/\/litapro.ch\/wp-content\/uploads\/2025\/04\/ford_tourneo_connect-768x512.jpg 768w\" sizes=\"auto, (max-width: 1000px) 100vw, 1000px\" \/><\/a>\n\t\t\t<\/div>\n\t\t\t\t<figcaption class='wp-caption-text gallery-caption' id='gallery-1-840'>\n\t\t\t\tFord Tourneo Connect\n\t\t\t\t<\/figcaption><\/figure><figure class='gallery-item'>\n\t\t\t<div class='gallery-icon landscape'>\n\t\t\t\t<a data-elementor-open-lightbox=\"yes\" data-elementor-lightbox-slideshow=\"37c8fd3\" data-elementor-lightbox-title=\"Ford Tourneo Courier\" data-elementor-lightbox-description=\"Ford Tourneo Courier\" data-e-action-hash=\"#elementor-action%3Aaction%3Dlightbox%26settings%3DeyJpZCI6ODY3LCJ1cmwiOiJodHRwczpcL1wvbGl0YXByby5jaFwvd3AtY29udGVudFwvdXBsb2Fkc1wvMjAyNVwvMTBcL2ZvcmRfdG91cm5lb19jb3VyaWVyX2NoLWR0X2xpdGFwcm9fMjAyNS0wOS5qcGciLCJzbGlkZXNob3ciOiIzN2M4ZmQzIn0%3D\" href='https:\/\/litapro.ch\/wp-content\/uploads\/2025\/10\/ford_tourneo_courier_ch-dt_litapro_2025-09.jpg'><img loading=\"lazy\" decoding=\"async\" width=\"1000\" height=\"667\" src=\"https:\/\/litapro.ch\/wp-content\/uploads\/2025\/10\/ford_tourneo_courier_ch-dt_litapro_2025-09.jpg\" class=\"attachment-full size-full\" alt=\"Ford Tourneo Courier\" aria-describedby=\"gallery-1-867\" srcset=\"https:\/\/litapro.ch\/wp-content\/uploads\/2025\/10\/ford_tourneo_courier_ch-dt_litapro_2025-09.jpg 1000w, https:\/\/litapro.ch\/wp-content\/uploads\/2025\/10\/ford_tourneo_courier_ch-dt_litapro_2025-09-300x200.jpg 300w, https:\/\/litapro.ch\/wp-content\/uploads\/2025\/10\/ford_tourneo_courier_ch-dt_litapro_2025-09-768x512.jpg 768w\" sizes=\"auto, (max-width: 1000px) 100vw, 1000px\" \/><\/a>\n\t\t\t<\/div>\n\t\t\t\t<figcaption class='wp-caption-text gallery-caption' id='gallery-1-867'>\n\t\t\t\tFord Tourneo Courier\n\t\t\t\t<\/figcaption><\/figure><figure class='gallery-item'>\n\t\t\t<div class='gallery-icon landscape'>\n\t\t\t\t<a data-elementor-open-lightbox=\"yes\" data-elementor-lightbox-slideshow=\"37c8fd3\" data-elementor-lightbox-title=\"Ford Transit Courier Kasten\" data-elementor-lightbox-description=\"Ford Transit Courier Kasten\" data-e-action-hash=\"#elementor-action%3Aaction%3Dlightbox%26settings%3DeyJpZCI6ODY4LCJ1cmwiOiJodHRwczpcL1wvbGl0YXByby5jaFwvd3AtY29udGVudFwvdXBsb2Fkc1wvMjAyNVwvMTBcL2ZvcmRfdHJhbnNpdF9jb3VyaWVyX2thc3Rlbl9jaC1kdF9saXRhcHJvXzIwMjUtMDkuanBnIiwic2xpZGVzaG93IjoiMzdjOGZkMyJ9\" href='https:\/\/litapro.ch\/wp-content\/uploads\/2025\/10\/ford_transit_courier_kasten_ch-dt_litapro_2025-09.jpg'><img loading=\"lazy\" decoding=\"async\" width=\"1000\" height=\"667\" src=\"https:\/\/litapro.ch\/wp-content\/uploads\/2025\/10\/ford_transit_courier_kasten_ch-dt_litapro_2025-09.jpg\" class=\"attachment-full size-full\" alt=\"Ford Transit Courier Kasten\" aria-describedby=\"gallery-1-868\" srcset=\"https:\/\/litapro.ch\/wp-content\/uploads\/2025\/10\/ford_transit_courier_kasten_ch-dt_litapro_2025-09.jpg 1000w, https:\/\/litapro.ch\/wp-content\/uploads\/2025\/10\/ford_transit_courier_kasten_ch-dt_litapro_2025-09-300x200.jpg 300w, https:\/\/litapro.ch\/wp-content\/uploads\/2025\/10\/ford_transit_courier_kasten_ch-dt_litapro_2025-09-768x512.jpg 768w\" sizes=\"auto, (max-width: 1000px) 100vw, 1000px\" \/><\/a>\n\t\t\t<\/div>\n\t\t\t\t<figcaption class='wp-caption-text gallery-caption' id='gallery-1-868'>\n\t\t\t\tFord Transit Courier Kasten\n\t\t\t\t<\/figcaption><\/figure>\n\t\t<\/div>\n\t\t<\/div>\n\t\t\t\t<\/div>\n\t\t\t\t<\/div>\n\t\t\t\t\t<\/div>\n\t\t<\/div>\n\t\t\t\t<div class=\"elementor-column elementor-col-33 elementor-top-column elementor-element elementor-element-037a781\" data-id=\"037a781\" data-element_type=\"column\">\n\t\t\t<div class=\"elementor-widget-wrap\">\n\t\t\t\t\t\t\t\t\t<\/div>\n\t\t<\/div>\n\t\t\t\t<div class=\"elementor-column elementor-col-33 elementor-top-column elementor-element elementor-element-ae2fa4f\" data-id=\"ae2fa4f\" data-element_type=\"column\">\n\t\t\t<div class=\"elementor-widget-wrap elementor-element-populated\">\n\t\t\t\t\t\t\t\t<div class=\"elementor-element elementor-element-01e1338 elementor-widget elementor-widget-text-editor\" data-id=\"01e1338\" data-element_type=\"widget\" data-widget_type=\"text-editor.default\">\n\t\t\t\t<div class=\"elementor-widget-container\">\n\t\t\t<style>\/*! elementor - v3.13.2 - 11-05-2023 *\/\n.elementor-widget-text-editor.elementor-drop-cap-view-stacked .elementor-drop-cap{background-color:#69727d;color:#fff}.elementor-widget-text-editor.elementor-drop-cap-view-framed .elementor-drop-cap{color:#69727d;border:3px solid;background-color:transparent}.elementor-widget-text-editor:not(.elementor-drop-cap-view-default) .elementor-drop-cap{margin-top:8px}.elementor-widget-text-editor:not(.elementor-drop-cap-view-default) .elementor-drop-cap-letter{width:1em;height:1em}.elementor-widget-text-editor .elementor-drop-cap{float:left;text-align:center;line-height:1;font-size:50px}.elementor-widget-text-editor .elementor-drop-cap-letter{display:inline-block}<\/style>\t\t\t\t<p>Vom 9-Sitzer-Bus \u00fcber Kleintransporter bis hin zu modernen E-Fahrzeugen \u2013 wir verhelfen Ihnen zu mehr Mobilit\u00e4t und Flexibilit\u00e4t im Alltag. Somit haben Sie beispielsweise die M\u00f6glichkeit, die Jugendmannschaft Ihres Vereins zu den Ausw\u00e4rtsspielen zu fahren, pflegebed\u00fcrftige Menschen oder auch Kinder optimal zu bef\u00f6rdern sowie Service- und Kurierfahrten zu realisieren.<\/p><p>Wir k\u00fcmmern uns um die komplette Umsetzung und suchen f\u00fcr Sie geeignete Kooperationspartner, die dieses Projekt gerne unterst\u00fctzen. Sprechen Sie uns einfach an.<\/p><p><strong>Folgende Fahrzeuge haben wir f\u00fcr Sie im Angebot:<\/strong><\/p><ul><li style=\"font-size: 16px;\">Ford Transit Custom<\/li><li><span style=\"background-color: transparent; color: var( --e-global-color-933325f );\">Ford Tourneo Connect<\/span><\/li><li><span style=\"background-color: transparent; color: var( --e-global-color-933325f );\">Ford Tourneo Courier<\/span><\/li><li>Ford Transit Courier Kasten<\/li><\/ul>\t\t\t\t\t\t<\/div>\n\t\t\t\t<\/div>\n\t\t\t\t\t<\/div>\n\t\t<\/div>\n\t\t\t\t\t\t\t<\/div>\n\t\t<\/section>\n\t\t\t\t<section class=\"elementor-section elementor-top-section elementor-element elementor-element-1f38bdf elementor-section-boxed elementor-section-height-default elementor-section-height-default\" data-id=\"1f38bdf\" data-element_type=\"section\">\n\t\t\t\t\t\t<div class=\"elementor-container elementor-column-gap-default\">\n\t\t\t\t\t<div class=\"elementor-column elementor-col-100 elementor-top-column elementor-element elementor-element-bebb4b2\" data-id=\"bebb4b2\" data-element_type=\"column\">\n\t\t\t<div class=\"elementor-widget-wrap elementor-element-populated\">\n\t\t\t\t\t\t\t\t<div class=\"elementor-element elementor-element-ba78226 elementor-widget elementor-widget-spacer\" data-id=\"ba78226\" data-element_type=\"widget\" data-widget_type=\"spacer.default\">\n\t\t\t\t<div class=\"elementor-widget-container\">\n\t\t\t\t\t<div class=\"elementor-spacer\">\n\t\t\t<div class=\"elementor-spacer-inner\"><\/div>\n\t\t<\/div>\n\t\t\t\t<\/div>\n\t\t\t\t<\/div>\n\t\t\t\t\t<\/div>\n\t\t<\/div>\n\t\t\t\t\t\t\t<\/div>\n\t\t<\/section>\n\t\t\t\t\t\t\t<\/div>\n\t\t","protected":false},"excerpt":{"rendered":"<p>Ford Transit Custom Ford Tourneo Connect Ford Tourneo Courier Ford Transit Courier Kasten Vom 9-Sitzer-Bus \u00fcber Kleintransporter bis hin zu modernen E-Fahrzeugen \u2013 wir verhelfen Ihnen zu mehr Mobilit\u00e4t und Flexibilit\u00e4t im Alltag. Somit haben Sie beispielsweise die M\u00f6glichkeit, die Jugendmannschaft Ihres Vereins zu den Ausw\u00e4rtsspielen zu fahren, pflegebed\u00fcrftige Menschen oder auch Kinder optimal zu [&hellip;]<\/p>\n","protected":false},"author":1,"featured_media":0,"parent":0,"menu_order":0,"comment_status":"closed","ping_status":"closed","template":"","meta":{"_eb_attr":"","footnotes":""},"class_list":["post-97","page","type-page","status-publish","hentry"],"yoast_head":"<!-- This site is optimized with the Yoast SEO plugin v20.6 - https:\/\/yoast.com\/wordpress\/plugins\/seo\/ -->\n<title>- Litapro Marketing GmbH<\/title>\n<meta name=\"robots\" content=\"index, follow, max-snippet:-1, max-image-preview:large, max-video-preview:-1\" \/>\n<link rel=\"canonical\" href=\"https:\/\/litapro.ch\/?page_id=97\" \/>\n<meta property=\"og:locale\" content=\"de_DE\" \/>\n<meta property=\"og:type\" content=\"article\" \/>\n<meta property=\"og:title\" content=\"- Litapro Marketing GmbH\" \/>\n<meta property=\"og:description\" content=\"Ford Transit Custom Ford Tourneo Connect Ford Tourneo Courier Ford Transit Courier Kasten Vom 9-Sitzer-Bus \u00fcber Kleintransporter bis hin zu modernen E-Fahrzeugen \u2013 wir verhelfen Ihnen zu mehr Mobilit\u00e4t und Flexibilit\u00e4t im Alltag. Somit haben Sie beispielsweise die M\u00f6glichkeit, die Jugendmannschaft Ihres Vereins zu den Ausw\u00e4rtsspielen zu fahren, pflegebed\u00fcrftige Menschen oder auch Kinder optimal zu [&hellip;]\" \/>\n<meta property=\"og:url\" content=\"https:\/\/litapro.ch\/?page_id=97\" \/>\n<meta property=\"og:site_name\" content=\"Litapro Marketing GmbH\" \/>\n<meta property=\"article:modified_time\" content=\"2025-10-05T20:00:15+00:00\" \/>\n<meta property=\"og:image\" content=\"https:\/\/litapro.ch\/wp-content\/uploads\/2024\/04\/header_website_litapro_ch_2_neues-format.jpg\" \/>\n<meta name=\"twitter:card\" content=\"summary_large_image\" \/>\n<meta name=\"twitter:label1\" content=\"Gesch\u00e4tzte Lesezeit\" \/>\n\t<meta name=\"twitter:data1\" content=\"2\u00a0Minuten\" \/>\n<script type=\"application\/ld+json\" class=\"yoast-schema-graph\">{\"@context\":\"https:\/\/schema.org\",\"@graph\":[{\"@type\":\"WebPage\",\"@id\":\"https:\/\/litapro.ch\/?page_id=97\",\"url\":\"https:\/\/litapro.ch\/?page_id=97\",\"name\":\"- Litapro Marketing GmbH\",\"isPartOf\":{\"@id\":\"https:\/\/litapro.ch\/#website\"},\"datePublished\":\"2023-05-07T20:55:54+00:00\",\"dateModified\":\"2025-10-05T20:00:15+00:00\",\"inLanguage\":\"de\",\"potentialAction\":[{\"@type\":\"ReadAction\",\"target\":[\"https:\/\/litapro.ch\/?page_id=97\"]}]},{\"@type\":\"WebSite\",\"@id\":\"https:\/\/litapro.ch\/#website\",\"url\":\"https:\/\/litapro.ch\/\",\"name\":\"Litapro Marketing GmbH\",\"description\":\"\",\"publisher\":{\"@id\":\"https:\/\/litapro.ch\/#organization\"},\"potentialAction\":[{\"@type\":\"SearchAction\",\"target\":{\"@type\":\"EntryPoint\",\"urlTemplate\":\"https:\/\/litapro.ch\/?s={search_term_string}\"},\"query-input\":\"required name=search_term_string\"}],\"inLanguage\":\"de\"},{\"@type\":\"Organization\",\"@id\":\"https:\/\/litapro.ch\/#organization\",\"name\":\"Litapro Marketing GmbH\",\"url\":\"https:\/\/litapro.ch\/\",\"logo\":{\"@type\":\"ImageObject\",\"inLanguage\":\"de\",\"@id\":\"https:\/\/litapro.ch\/#\/schema\/logo\/image\/\",\"url\":\"https:\/\/litapro.ch\/wp-content\/uploads\/2023\/05\/Logo_Litapro.svg\",\"contentUrl\":\"https:\/\/litapro.ch\/wp-content\/uploads\/2023\/05\/Logo_Litapro.svg\",\"width\":141,\"height\":141,\"caption\":\"Litapro Marketing GmbH \"},\"image\":{\"@id\":\"https:\/\/litapro.ch\/#\/schema\/logo\/image\/\"}}]}<\/script>\n<!-- \/ Yoast SEO plugin. -->","yoast_head_json":{"title":"- Litapro Marketing GmbH","robots":{"index":"index","follow":"follow","max-snippet":"max-snippet:-1","max-image-preview":"max-image-preview:large","max-video-preview":"max-video-preview:-1"},"canonical":"https:\/\/litapro.ch\/?page_id=97","og_locale":"de_DE","og_type":"article","og_title":"- Litapro Marketing GmbH","og_description":"Ford Transit Custom Ford Tourneo Connect Ford Tourneo Courier Ford Transit Courier Kasten Vom 9-Sitzer-Bus \u00fcber Kleintransporter bis hin zu modernen E-Fahrzeugen \u2013 wir verhelfen Ihnen zu mehr Mobilit\u00e4t und Flexibilit\u00e4t im Alltag. Somit haben Sie beispielsweise die M\u00f6glichkeit, die Jugendmannschaft Ihres Vereins zu den Ausw\u00e4rtsspielen zu fahren, pflegebed\u00fcrftige Menschen oder auch Kinder optimal zu [&hellip;]","og_url":"https:\/\/litapro.ch\/?page_id=97","og_site_name":"Litapro Marketing GmbH","article_modified_time":"2025-10-05T20:00:15+00:00","og_image":[{"url":"https:\/\/litapro.ch\/wp-content\/uploads\/2024\/04\/header_website_litapro_ch_2_neues-format.jpg"}],"twitter_card":"summary_large_image","twitter_misc":{"Gesch\u00e4tzte Lesezeit":"2\u00a0Minuten"},"schema":{"@context":"https:\/\/schema.org","@graph":[{"@type":"WebPage","@id":"https:\/\/litapro.ch\/?page_id=97","url":"https:\/\/litapro.ch\/?page_id=97","name":"- Litapro Marketing GmbH","isPartOf":{"@id":"https:\/\/litapro.ch\/#website"},"datePublished":"2023-05-07T20:55:54+00:00","dateModified":"2025-10-05T20:00:15+00:00","inLanguage":"de","potentialAction":[{"@type":"ReadAction","target":["https:\/\/litapro.ch\/?page_id=97"]}]},{"@type":"WebSite","@id":"https:\/\/litapro.ch\/#website","url":"https:\/\/litapro.ch\/","name":"Litapro Marketing GmbH","description":"","publisher":{"@id":"https:\/\/litapro.ch\/#organization"},"potentialAction":[{"@type":"SearchAction","target":{"@type":"EntryPoint","urlTemplate":"https:\/\/litapro.ch\/?s={search_term_string}"},"query-input":"required name=search_term_string"}],"inLanguage":"de"},{"@type":"Organization","@id":"https:\/\/litapro.ch\/#organization","name":"Litapro Marketing GmbH","url":"https:\/\/litapro.ch\/","logo":{"@type":"ImageObject","inLanguage":"de","@id":"https:\/\/litapro.ch\/#\/schema\/logo\/image\/","url":"https:\/\/litapro.ch\/wp-content\/uploads\/2023\/05\/Logo_Litapro.svg","contentUrl":"https:\/\/litapro.ch\/wp-content\/uploads\/2023\/05\/Logo_Litapro.svg","width":141,"height":141,"caption":"Litapro Marketing GmbH "},"image":{"@id":"https:\/\/litapro.ch\/#\/schema\/logo\/image\/"}}]}},"_links":{"self":[{"href":"https:\/\/litapro.ch\/index.php?rest_route=\/wp\/v2\/pages\/97","targetHints":{"allow":["GET"]}}],"collection":[{"href":"https:\/\/litapro.ch\/index.php?rest_route=\/wp\/v2\/pages"}],"about":[{"href":"https:\/\/litapro.ch\/index.php?rest_route=\/wp\/v2\/types\/page"}],"author":[{"embeddable":true,"href":"https:\/\/litapro.ch\/index.php?rest_route=\/wp\/v2\/users\/1"}],"replies":[{"embeddable":true,"href":"https:\/\/litapro.ch\/index.php?rest_route=%2Fwp%2Fv2%2Fcomments&post=97"}],"version-history":[{"count":140,"href":"https:\/\/litapro.ch\/index.php?rest_route=\/wp\/v2\/pages\/97\/revisions"}],"predecessor-version":[{"id":874,"href":"https:\/\/litapro.ch\/index.php?rest_route=\/wp\/v2\/pages\/97\/revisions\/874"}],"wp:attachment":[{"href":"https:\/\/litapro.ch\/index.php?rest_route=%2Fwp%2Fv2%2Fmedia&parent=97"}],"curies":[{"name":"wp","href":"https:\/\/api.w.org\/{rel}","templated":true}]}}