{"id":9,"date":"2023-05-03T11:53:12","date_gmt":"2023-05-03T11:53:12","guid":{"rendered":"https:\/\/litapro.ch\/?page_id=9"},"modified":"2024-04-11T09:00:33","modified_gmt":"2024-04-11T09:00:33","slug":"startseite","status":"publish","type":"page","link":"https:\/\/litapro.ch\/","title":{"rendered":"Hauptseite"},"content":{"rendered":"\t\t<div data-elementor-type=\"wp-page\" data-elementor-id=\"9\" class=\"elementor elementor-9\">\n\t\t\t\t\t\t\t\t\t<section class=\"elementor-section elementor-top-section elementor-element elementor-element-f54b8a8 elementor-section-boxed elementor-section-height-default elementor-section-height-default\" data-id=\"f54b8a8\" data-element_type=\"section\">\n\t\t\t\t\t\t<div class=\"elementor-container elementor-column-gap-default\">\n\t\t\t\t\t<div class=\"elementor-column elementor-col-100 elementor-top-column elementor-element elementor-element-1a45dfa\" data-id=\"1a45dfa\" data-element_type=\"column\">\n\t\t\t<div class=\"elementor-widget-wrap elementor-element-populated\">\n\t\t\t\t\t\t\t\t<div class=\"elementor-element elementor-element-f283d03 animated-slow elementor-widget__width-initial elementor-invisible elementor-widget elementor-widget-image\" data-id=\"f283d03\" data-element_type=\"widget\" data-settings=\"{&quot;_animation&quot;:&quot;fadeIn&quot;,&quot;_animation_delay&quot;:200}\" data-widget_type=\"image.default\">\n\t\t\t\t<div class=\"elementor-widget-container\">\n\t\t\t<style>\/*! elementor - v3.13.2 - 11-05-2023 *\/\n.elementor-widget-image{text-align:center}.elementor-widget-image a{display:inline-block}.elementor-widget-image a img[src$=\".svg\"]{width:48px}.elementor-widget-image img{vertical-align:middle;display:inline-block}<\/style>\t\t\t\t\t\t\t\t\t\t\t\t<img loading=\"lazy\" decoding=\"async\" width=\"1542\" height=\"591\" src=\"https:\/\/litapro.ch\/wp-content\/uploads\/2024\/04\/header_website_litapro_ch_1_neues-format.jpg\" class=\"attachment-full size-full wp-image-653\" alt=\"\" srcset=\"https:\/\/litapro.ch\/wp-content\/uploads\/2024\/04\/header_website_litapro_ch_1_neues-format.jpg 1542w, https:\/\/litapro.ch\/wp-content\/uploads\/2024\/04\/header_website_litapro_ch_1_neues-format-300x115.jpg 300w, https:\/\/litapro.ch\/wp-content\/uploads\/2024\/04\/header_website_litapro_ch_1_neues-format-1024x392.jpg 1024w, https:\/\/litapro.ch\/wp-content\/uploads\/2024\/04\/header_website_litapro_ch_1_neues-format-768x294.jpg 768w, https:\/\/litapro.ch\/wp-content\/uploads\/2024\/04\/header_website_litapro_ch_1_neues-format-1536x589.jpg 1536w\" sizes=\"auto, (max-width: 1542px) 100vw, 1542px\" \/>\t\t\t\t\t\t\t\t\t\t\t\t\t\t\t<\/div>\n\t\t\t\t<\/div>\n\t\t\t\t\t<\/div>\n\t\t<\/div>\n\t\t\t\t\t\t\t<\/div>\n\t\t<\/section>\n\t\t\t\t<section class=\"elementor-section elementor-top-section elementor-element elementor-element-83861f5 elementor-section-boxed elementor-section-height-default elementor-section-height-default\" data-id=\"83861f5\" data-element_type=\"section\">\n\t\t\t\t\t\t<div class=\"elementor-container elementor-column-gap-default\">\n\t\t\t\t\t<div class=\"elementor-column elementor-col-100 elementor-top-column elementor-element elementor-element-c196cd6\" data-id=\"c196cd6\" data-element_type=\"column\">\n\t\t\t<div class=\"elementor-widget-wrap\">\n\t\t\t\t\t\t\t\t\t<\/div>\n\t\t<\/div>\n\t\t\t\t\t\t\t<\/div>\n\t\t<\/section>\n\t\t\t\t<section class=\"elementor-section elementor-top-section elementor-element elementor-element-4c9ad9c elementor-section-boxed elementor-section-height-default elementor-section-height-default\" data-id=\"4c9ad9c\" data-element_type=\"section\">\n\t\t\t\t\t\t<div class=\"elementor-container elementor-column-gap-default\">\n\t\t\t\t\t<div class=\"elementor-column elementor-col-33 elementor-top-column elementor-element elementor-element-63302f7\" data-id=\"63302f7\" data-element_type=\"column\">\n\t\t\t<div class=\"elementor-widget-wrap elementor-element-populated\">\n\t\t\t\t\t\t\t\t<div class=\"elementor-element elementor-element-6bf03fc elementor-widget elementor-widget-spacer\" data-id=\"6bf03fc\" data-element_type=\"widget\" data-widget_type=\"spacer.default\">\n\t\t\t\t<div class=\"elementor-widget-container\">\n\t\t\t<style>\/*! elementor - v3.13.2 - 11-05-2023 *\/\n.elementor-column .elementor-spacer-inner{height:var(--spacer-size)}.e-con{--container-widget-width:100%}.e-con-inner>.elementor-widget-spacer,.e-con>.elementor-widget-spacer{width:var(--container-widget-width,var(--spacer-size));--align-self:var(--container-widget-align-self,initial);--flex-shrink:0}.e-con-inner>.elementor-widget-spacer>.elementor-widget-container,.e-con-inner>.elementor-widget-spacer>.elementor-widget-container>.elementor-spacer,.e-con>.elementor-widget-spacer>.elementor-widget-container,.e-con>.elementor-widget-spacer>.elementor-widget-container>.elementor-spacer{height:100%}.e-con-inner>.elementor-widget-spacer>.elementor-widget-container>.elementor-spacer>.elementor-spacer-inner,.e-con>.elementor-widget-spacer>.elementor-widget-container>.elementor-spacer>.elementor-spacer-inner{height:var(--container-widget-height,var(--spacer-size))}<\/style>\t\t<div class=\"elementor-spacer\">\n\t\t\t<div class=\"elementor-spacer-inner\"><\/div>\n\t\t<\/div>\n\t\t\t\t<\/div>\n\t\t\t\t<\/div>\n\t\t\t\t<div class=\"elementor-element elementor-element-17abcb5 animated-slow elementor-view-default elementor-invisible elementor-widget elementor-widget-icon\" data-id=\"17abcb5\" data-element_type=\"widget\" data-settings=\"{&quot;_animation&quot;:&quot;fadeIn&quot;,&quot;_animation_delay&quot;:200}\" data-widget_type=\"icon.default\">\n\t\t\t\t<div class=\"elementor-widget-container\">\n\t\t\t\t\t<div class=\"elementor-icon-wrapper\">\n\t\t\t<div class=\"elementor-icon\">\n\t\t\t<i aria-hidden=\"true\" class=\"fas fa-square-full\"><\/i>\t\t\t<\/div>\n\t\t<\/div>\n\t\t\t\t<\/div>\n\t\t\t\t<\/div>\n\t\t\t\t\t<\/div>\n\t\t<\/div>\n\t\t\t\t<div class=\"elementor-column elementor-col-66 elementor-top-column elementor-element elementor-element-d0d5cc0\" data-id=\"d0d5cc0\" data-element_type=\"column\">\n\t\t\t<div class=\"elementor-widget-wrap elementor-element-populated\">\n\t\t\t\t\t\t\t\t<div class=\"elementor-element elementor-element-01e1338 elementor-widget elementor-widget-text-editor\" data-id=\"01e1338\" data-element_type=\"widget\" data-widget_type=\"text-editor.default\">\n\t\t\t\t<div class=\"elementor-widget-container\">\n\t\t\t<style>\/*! elementor - v3.13.2 - 11-05-2023 *\/\n.elementor-widget-text-editor.elementor-drop-cap-view-stacked .elementor-drop-cap{background-color:#69727d;color:#fff}.elementor-widget-text-editor.elementor-drop-cap-view-framed .elementor-drop-cap{color:#69727d;border:3px solid;background-color:transparent}.elementor-widget-text-editor:not(.elementor-drop-cap-view-default) .elementor-drop-cap{margin-top:8px}.elementor-widget-text-editor:not(.elementor-drop-cap-view-default) .elementor-drop-cap-letter{width:1em;height:1em}.elementor-widget-text-editor .elementor-drop-cap{float:left;text-align:center;line-height:1;font-size:50px}.elementor-widget-text-editor .elementor-drop-cap-letter{display:inline-block}<\/style>\t\t\t\t<p><span style=\"color: #aca495;\">Litapro Marketing GmbH unterst\u00fctzt Vereine, Institutionen, St\u00e4dte und Gemeinden, Schulen sowie soziale Einrichtungen, aber auch Apotheken, M\u00e4rkte und B\u00e4ckereien mit verschiedenen Produkten, die kostenfrei\u00b9 zur Verf\u00fcgung gestellt werden. Regionale Unternehmen werden dabei als Sponsoren t\u00e4tig und erm\u00f6glichen so die Realisierung der Projekte. Die Produkte bieten Platz f\u00fcr Sponsorenfl\u00e4chen, auf denen sich die beteiligten Unternehmen mit ihrem Angebot pr\u00e4sentieren k\u00f6nnen.<\/span><\/p>\n<p><span style=\"color: #aca495;\">Unser Konzept sorgt daher f\u00fcr eine Win-win-Situation f\u00fcr alle: Auf der einen Seite steht der Empf\u00e4nger, bald vielleicht auch&nbsp;<\/span><span style=\"color: #aca495;\">Sie, der das gew\u00fcnschte Produkt kostenlos<\/span><font color=\"#aca495\">\u00b9<\/font><span style=\"color: rgb(172, 164, 149); font-size: 1rem;\">&nbsp;und ohne jeglichen Aufwand entgegennimmt. Auf der anderen Seite erreichen&nbsp;<\/span><span style=\"color: rgb(172, 164, 149); font-size: 1rem;\">die Sponsoren mit ihren Botschaften eine breite \u00d6ffentlichkeit und steigern gleichzeitig ihr Ansehen in der Bev\u00f6lkerung.<\/span><\/p><p><span style=\"color: rgb(172, 164, 149); font-size: 1rem;\">Somit entsteht auf beiden Seiten ein Gewinn.<\/span><\/p>\t\t\t\t\t\t<\/div>\n\t\t\t\t<\/div>\n\t\t\t\t<div class=\"elementor-element elementor-element-8696888 elementor-widget elementor-widget-spacer\" data-id=\"8696888\" data-element_type=\"widget\" data-widget_type=\"spacer.default\">\n\t\t\t\t<div class=\"elementor-widget-container\">\n\t\t\t\t\t<div class=\"elementor-spacer\">\n\t\t\t<div class=\"elementor-spacer-inner\"><\/div>\n\t\t<\/div>\n\t\t\t\t<\/div>\n\t\t\t\t<\/div>\n\t\t\t\t\t<\/div>\n\t\t<\/div>\n\t\t\t\t\t\t\t<\/div>\n\t\t<\/section>\n\t\t\t\t<section class=\"elementor-section elementor-top-section elementor-element elementor-element-5787fee elementor-section-boxed elementor-section-height-default elementor-section-height-default\" data-id=\"5787fee\" data-element_type=\"section\">\n\t\t\t\t\t\t<div class=\"elementor-container elementor-column-gap-default\">\n\t\t\t\t\t<div class=\"elementor-column elementor-col-100 elementor-top-column elementor-element elementor-element-a87a97f\" data-id=\"a87a97f\" data-element_type=\"column\">\n\t\t\t<div class=\"elementor-widget-wrap elementor-element-populated\">\n\t\t\t\t\t\t\t\t<div class=\"elementor-element elementor-element-ba6eeb5 elementor-widget elementor-widget-text-editor\" data-id=\"ba6eeb5\" data-element_type=\"widget\" data-widget_type=\"text-editor.default\">\n\t\t\t\t<div class=\"elementor-widget-container\">\n\t\t\t\t\t\t\t<p><span style=\"font-weight: bold; color: #aca495;\">\u00b9ausgenommen der Unterhalts- und Betriebskosten<\/span><\/p>\t\t\t\t\t\t<\/div>\n\t\t\t\t<\/div>\n\t\t\t\t\t<\/div>\n\t\t<\/div>\n\t\t\t\t\t\t\t<\/div>\n\t\t<\/section>\n\t\t\t\t\t\t\t<\/div>\n\t\t","protected":false},"excerpt":{"rendered":"<p>Litapro Marketing GmbH unterst\u00fctzt Vereine, Institutionen, St\u00e4dte und Gemeinden, Schulen sowie soziale Einrichtungen, aber auch Apotheken, M\u00e4rkte und B\u00e4ckereien mit verschiedenen Produkten, die kostenfrei\u00b9 zur Verf\u00fcgung gestellt werden. Regionale Unternehmen werden dabei als Sponsoren t\u00e4tig und erm\u00f6glichen so die Realisierung der Projekte. Die Produkte bieten Platz f\u00fcr Sponsorenfl\u00e4chen, auf denen sich die beteiligten Unternehmen mit [&hellip;]<\/p>\n","protected":false},"author":1,"featured_media":0,"parent":0,"menu_order":0,"comment_status":"closed","ping_status":"closed","template":"elementor_header_footer","meta":{"_eb_attr":"","footnotes":""},"class_list":["post-9","page","type-page","status-publish","hentry"],"yoast_head":"<!-- This site is optimized with the Yoast SEO plugin v20.6 - https:\/\/yoast.com\/wordpress\/plugins\/seo\/ -->\n<title>Hauptseite - Litapro Marketing GmbH<\/title>\n<meta name=\"robots\" content=\"index, follow, max-snippet:-1, max-image-preview:large, max-video-preview:-1\" \/>\n<link rel=\"canonical\" href=\"https:\/\/litapro.ch\/\" \/>\n<meta property=\"og:locale\" content=\"de_DE\" \/>\n<meta property=\"og:type\" content=\"article\" \/>\n<meta property=\"og:title\" content=\"Hauptseite - Litapro Marketing GmbH\" \/>\n<meta property=\"og:description\" content=\"Litapro Marketing GmbH unterst\u00fctzt Vereine, Institutionen, St\u00e4dte und Gemeinden, Schulen sowie soziale Einrichtungen, aber auch Apotheken, M\u00e4rkte und B\u00e4ckereien mit verschiedenen Produkten, die kostenfrei\u00b9 zur Verf\u00fcgung gestellt werden. Regionale Unternehmen werden dabei als Sponsoren t\u00e4tig und erm\u00f6glichen so die Realisierung der Projekte. Die Produkte bieten Platz f\u00fcr Sponsorenfl\u00e4chen, auf denen sich die beteiligten Unternehmen mit [&hellip;]\" \/>\n<meta property=\"og:url\" content=\"https:\/\/litapro.ch\/\" \/>\n<meta property=\"og:site_name\" content=\"Litapro Marketing GmbH\" \/>\n<meta property=\"article:modified_time\" content=\"2024-04-11T09:00:33+00:00\" \/>\n<meta property=\"og:image\" content=\"https:\/\/litapro.ch\/wp-content\/uploads\/2024\/04\/header_website_litapro_ch_1_neues-format.jpg\" \/>\n<meta name=\"twitter:card\" content=\"summary_large_image\" \/>\n<meta name=\"twitter:label1\" content=\"Gesch\u00e4tzte Lesezeit\" \/>\n\t<meta name=\"twitter:data1\" content=\"1\u00a0Minute\" \/>\n<script type=\"application\/ld+json\" class=\"yoast-schema-graph\">{\"@context\":\"https:\/\/schema.org\",\"@graph\":[{\"@type\":\"WebPage\",\"@id\":\"https:\/\/litapro.ch\/\",\"url\":\"https:\/\/litapro.ch\/\",\"name\":\"Hauptseite - Litapro Marketing GmbH\",\"isPartOf\":{\"@id\":\"https:\/\/litapro.ch\/#website\"},\"datePublished\":\"2023-05-03T11:53:12+00:00\",\"dateModified\":\"2024-04-11T09:00:33+00:00\",\"breadcrumb\":{\"@id\":\"https:\/\/litapro.ch\/#breadcrumb\"},\"inLanguage\":\"de\",\"potentialAction\":[{\"@type\":\"ReadAction\",\"target\":[\"https:\/\/litapro.ch\/\"]}]},{\"@type\":\"BreadcrumbList\",\"@id\":\"https:\/\/litapro.ch\/#breadcrumb\",\"itemListElement\":[{\"@type\":\"ListItem\",\"position\":1,\"name\":\"Startseite\",\"item\":\"https:\/\/litapro.ch\/\"},{\"@type\":\"ListItem\",\"position\":2,\"name\":\"Hauptseite\"}]},{\"@type\":\"WebSite\",\"@id\":\"https:\/\/litapro.ch\/#website\",\"url\":\"https:\/\/litapro.ch\/\",\"name\":\"Litapro Marketing GmbH\",\"description\":\"\",\"publisher\":{\"@id\":\"https:\/\/litapro.ch\/#organization\"},\"potentialAction\":[{\"@type\":\"SearchAction\",\"target\":{\"@type\":\"EntryPoint\",\"urlTemplate\":\"https:\/\/litapro.ch\/?s={search_term_string}\"},\"query-input\":\"required name=search_term_string\"}],\"inLanguage\":\"de\"},{\"@type\":\"Organization\",\"@id\":\"https:\/\/litapro.ch\/#organization\",\"name\":\"Litapro Marketing GmbH\",\"url\":\"https:\/\/litapro.ch\/\",\"logo\":{\"@type\":\"ImageObject\",\"inLanguage\":\"de\",\"@id\":\"https:\/\/litapro.ch\/#\/schema\/logo\/image\/\",\"url\":\"https:\/\/litapro.ch\/wp-content\/uploads\/2023\/05\/Logo_Litapro.svg\",\"contentUrl\":\"https:\/\/litapro.ch\/wp-content\/uploads\/2023\/05\/Logo_Litapro.svg\",\"width\":141,\"height\":141,\"caption\":\"Litapro Marketing GmbH \"},\"image\":{\"@id\":\"https:\/\/litapro.ch\/#\/schema\/logo\/image\/\"}}]}<\/script>\n<!-- \/ Yoast SEO plugin. -->","yoast_head_json":{"title":"Hauptseite - Litapro Marketing GmbH","robots":{"index":"index","follow":"follow","max-snippet":"max-snippet:-1","max-image-preview":"max-image-preview:large","max-video-preview":"max-video-preview:-1"},"canonical":"https:\/\/litapro.ch\/","og_locale":"de_DE","og_type":"article","og_title":"Hauptseite - Litapro Marketing GmbH","og_description":"Litapro Marketing GmbH unterst\u00fctzt Vereine, Institutionen, St\u00e4dte und Gemeinden, Schulen sowie soziale Einrichtungen, aber auch Apotheken, M\u00e4rkte und B\u00e4ckereien mit verschiedenen Produkten, die kostenfrei\u00b9 zur Verf\u00fcgung gestellt werden. Regionale Unternehmen werden dabei als Sponsoren t\u00e4tig und erm\u00f6glichen so die Realisierung der Projekte. Die Produkte bieten Platz f\u00fcr Sponsorenfl\u00e4chen, auf denen sich die beteiligten Unternehmen mit [&hellip;]","og_url":"https:\/\/litapro.ch\/","og_site_name":"Litapro Marketing GmbH","article_modified_time":"2024-04-11T09:00:33+00:00","og_image":[{"url":"https:\/\/litapro.ch\/wp-content\/uploads\/2024\/04\/header_website_litapro_ch_1_neues-format.jpg"}],"twitter_card":"summary_large_image","twitter_misc":{"Gesch\u00e4tzte Lesezeit":"1\u00a0Minute"},"schema":{"@context":"https:\/\/schema.org","@graph":[{"@type":"WebPage","@id":"https:\/\/litapro.ch\/","url":"https:\/\/litapro.ch\/","name":"Hauptseite - Litapro Marketing GmbH","isPartOf":{"@id":"https:\/\/litapro.ch\/#website"},"datePublished":"2023-05-03T11:53:12+00:00","dateModified":"2024-04-11T09:00:33+00:00","breadcrumb":{"@id":"https:\/\/litapro.ch\/#breadcrumb"},"inLanguage":"de","potentialAction":[{"@type":"ReadAction","target":["https:\/\/litapro.ch\/"]}]},{"@type":"BreadcrumbList","@id":"https:\/\/litapro.ch\/#breadcrumb","itemListElement":[{"@type":"ListItem","position":1,"name":"Startseite","item":"https:\/\/litapro.ch\/"},{"@type":"ListItem","position":2,"name":"Hauptseite"}]},{"@type":"WebSite","@id":"https:\/\/litapro.ch\/#website","url":"https:\/\/litapro.ch\/","name":"Litapro Marketing GmbH","description":"","publisher":{"@id":"https:\/\/litapro.ch\/#organization"},"potentialAction":[{"@type":"SearchAction","target":{"@type":"EntryPoint","urlTemplate":"https:\/\/litapro.ch\/?s={search_term_string}"},"query-input":"required name=search_term_string"}],"inLanguage":"de"},{"@type":"Organization","@id":"https:\/\/litapro.ch\/#organization","name":"Litapro Marketing GmbH","url":"https:\/\/litapro.ch\/","logo":{"@type":"ImageObject","inLanguage":"de","@id":"https:\/\/litapro.ch\/#\/schema\/logo\/image\/","url":"https:\/\/litapro.ch\/wp-content\/uploads\/2023\/05\/Logo_Litapro.svg","contentUrl":"https:\/\/litapro.ch\/wp-content\/uploads\/2023\/05\/Logo_Litapro.svg","width":141,"height":141,"caption":"Litapro Marketing GmbH "},"image":{"@id":"https:\/\/litapro.ch\/#\/schema\/logo\/image\/"}}]}},"_links":{"self":[{"href":"https:\/\/litapro.ch\/index.php?rest_route=\/wp\/v2\/pages\/9","targetHints":{"allow":["GET"]}}],"collection":[{"href":"https:\/\/litapro.ch\/index.php?rest_route=\/wp\/v2\/pages"}],"about":[{"href":"https:\/\/litapro.ch\/index.php?rest_route=\/wp\/v2\/types\/page"}],"author":[{"embeddable":true,"href":"https:\/\/litapro.ch\/index.php?rest_route=\/wp\/v2\/users\/1"}],"replies":[{"embeddable":true,"href":"https:\/\/litapro.ch\/index.php?rest_route=%2Fwp%2Fv2%2Fcomments&post=9"}],"version-history":[{"count":119,"href":"https:\/\/litapro.ch\/index.php?rest_route=\/wp\/v2\/pages\/9\/revisions"}],"predecessor-version":[{"id":660,"href":"https:\/\/litapro.ch\/index.php?rest_route=\/wp\/v2\/pages\/9\/revisions\/660"}],"wp:attachment":[{"href":"https:\/\/litapro.ch\/index.php?rest_route=%2Fwp%2Fv2%2Fmedia&parent=9"}],"curies":[{"name":"wp","href":"https:\/\/api.w.org\/{rel}","templated":true}]}}