{"id":40,"date":"2023-05-03T15:02:09","date_gmt":"2023-05-03T15:02:09","guid":{"rendered":"https:\/\/litapro.ch\/?page_id=40"},"modified":"2025-10-13T09:57:24","modified_gmt":"2025-10-13T09:57:24","slug":"datenschutz","status":"publish","type":"page","link":"https:\/\/litapro.ch\/?page_id=40","title":{"rendered":"Datenschutz"},"content":{"rendered":"\t\t<div data-elementor-type=\"wp-page\" data-elementor-id=\"40\" class=\"elementor elementor-40\">\n\t\t\t\t\t\t\t\t\t<section class=\"elementor-section elementor-top-section elementor-element elementor-element-588d038 elementor-section-boxed elementor-section-height-default elementor-section-height-default\" data-id=\"588d038\" data-element_type=\"section\">\n\t\t\t\t\t\t<div class=\"elementor-container elementor-column-gap-default\">\n\t\t\t\t\t<div class=\"elementor-column elementor-col-100 elementor-top-column elementor-element elementor-element-f754890\" data-id=\"f754890\" data-element_type=\"column\">\n\t\t\t<div class=\"elementor-widget-wrap elementor-element-populated\">\n\t\t\t\t\t\t\t\t<div class=\"elementor-element elementor-element-cd300fe elementor-widget elementor-widget-image\" data-id=\"cd300fe\" data-element_type=\"widget\" data-widget_type=\"image.default\">\n\t\t\t\t<div class=\"elementor-widget-container\">\n\t\t\t<style>\/*! elementor - v3.13.2 - 11-05-2023 *\/\n.elementor-widget-image{text-align:center}.elementor-widget-image a{display:inline-block}.elementor-widget-image a img[src$=\".svg\"]{width:48px}.elementor-widget-image img{vertical-align:middle;display:inline-block}<\/style>\t\t\t\t\t\t\t\t\t\t\t\t<img loading=\"lazy\" decoding=\"async\" width=\"1542\" height=\"591\" src=\"https:\/\/litapro.ch\/wp-content\/uploads\/2024\/04\/header_website_litapro_ch_9_neues-format.jpg\" class=\"attachment-full size-full wp-image-703\" alt=\"\" srcset=\"https:\/\/litapro.ch\/wp-content\/uploads\/2024\/04\/header_website_litapro_ch_9_neues-format.jpg 1542w, https:\/\/litapro.ch\/wp-content\/uploads\/2024\/04\/header_website_litapro_ch_9_neues-format-300x115.jpg 300w, https:\/\/litapro.ch\/wp-content\/uploads\/2024\/04\/header_website_litapro_ch_9_neues-format-1024x392.jpg 1024w, https:\/\/litapro.ch\/wp-content\/uploads\/2024\/04\/header_website_litapro_ch_9_neues-format-768x294.jpg 768w, https:\/\/litapro.ch\/wp-content\/uploads\/2024\/04\/header_website_litapro_ch_9_neues-format-1536x589.jpg 1536w\" sizes=\"auto, (max-width: 1542px) 100vw, 1542px\" \/>\t\t\t\t\t\t\t\t\t\t\t\t\t\t\t<\/div>\n\t\t\t\t<\/div>\n\t\t\t\t\t<\/div>\n\t\t<\/div>\n\t\t\t\t\t\t\t<\/div>\n\t\t<\/section>\n\t\t\t\t<section class=\"elementor-section elementor-top-section elementor-element elementor-element-13c3ddf elementor-section-boxed elementor-section-height-default elementor-section-height-default\" data-id=\"13c3ddf\" data-element_type=\"section\">\n\t\t\t\t\t\t<div class=\"elementor-container elementor-column-gap-default\">\n\t\t\t\t\t<div class=\"elementor-column elementor-col-100 elementor-top-column elementor-element elementor-element-427010d\" data-id=\"427010d\" data-element_type=\"column\">\n\t\t\t<div class=\"elementor-widget-wrap elementor-element-populated\">\n\t\t\t\t\t\t\t\t<div class=\"elementor-element elementor-element-6aa52de elementor-widget elementor-widget-spacer\" data-id=\"6aa52de\" data-element_type=\"widget\" data-widget_type=\"spacer.default\">\n\t\t\t\t<div class=\"elementor-widget-container\">\n\t\t\t<style>\/*! elementor - v3.13.2 - 11-05-2023 *\/\n.elementor-column .elementor-spacer-inner{height:var(--spacer-size)}.e-con{--container-widget-width:100%}.e-con-inner>.elementor-widget-spacer,.e-con>.elementor-widget-spacer{width:var(--container-widget-width,var(--spacer-size));--align-self:var(--container-widget-align-self,initial);--flex-shrink:0}.e-con-inner>.elementor-widget-spacer>.elementor-widget-container,.e-con-inner>.elementor-widget-spacer>.elementor-widget-container>.elementor-spacer,.e-con>.elementor-widget-spacer>.elementor-widget-container,.e-con>.elementor-widget-spacer>.elementor-widget-container>.elementor-spacer{height:100%}.e-con-inner>.elementor-widget-spacer>.elementor-widget-container>.elementor-spacer>.elementor-spacer-inner,.e-con>.elementor-widget-spacer>.elementor-widget-container>.elementor-spacer>.elementor-spacer-inner{height:var(--container-widget-height,var(--spacer-size))}<\/style>\t\t<div class=\"elementor-spacer\">\n\t\t\t<div class=\"elementor-spacer-inner\"><\/div>\n\t\t<\/div>\n\t\t\t\t<\/div>\n\t\t\t\t<\/div>\n\t\t\t\t<div class=\"elementor-element elementor-element-407ab0f elementor-widget elementor-widget-text-editor\" data-id=\"407ab0f\" data-element_type=\"widget\" data-widget_type=\"text-editor.default\">\n\t\t\t\t<div class=\"elementor-widget-container\">\n\t\t\t<style>\/*! elementor - v3.13.2 - 11-05-2023 *\/\n.elementor-widget-text-editor.elementor-drop-cap-view-stacked .elementor-drop-cap{background-color:#69727d;color:#fff}.elementor-widget-text-editor.elementor-drop-cap-view-framed .elementor-drop-cap{color:#69727d;border:3px solid;background-color:transparent}.elementor-widget-text-editor:not(.elementor-drop-cap-view-default) .elementor-drop-cap{margin-top:8px}.elementor-widget-text-editor:not(.elementor-drop-cap-view-default) .elementor-drop-cap-letter{width:1em;height:1em}.elementor-widget-text-editor .elementor-drop-cap{float:left;text-align:center;line-height:1;font-size:50px}.elementor-widget-text-editor .elementor-drop-cap-letter{display:inline-block}<\/style>\t\t\t\t<p><strong>Datenschutzerkl\u00e4rung (Schweiz, revDSG)<\/strong><\/p><p>In dieser Datenschutzerkl\u00e4rung informieren wir Sie dar\u00fcber, welche <strong>Personendaten<\/strong> wir bei Ihrem Besuch auf unserer Webseite bearbeiten und welche Rechte Ihnen zustehen.<br \/>Bitte lesen Sie die nachfolgenden Ausf\u00fchrungen sorgf\u00e4ltig.<\/p><p><strong>Personendaten<\/strong> sind alle Angaben, die sich auf eine bestimmte oder bestimmbare nat\u00fcrliche Person beziehen. Dazu geh\u00f6ren z. B. Ihr Name, Ihre Adress- und Kommunikationsdaten oder Ihre E-Mail-Adresse.<br \/><strong>Bearbeiten<\/strong> umfasst jeden Umgang mit Personendaten, insbesondere das Beschaffen, Speichern, Verwenden, Ver\u00e4ndern, Bekanntgeben, Archivieren oder L\u00f6schen.<br \/><strong>Verantwortlicher<\/strong> ist die Stelle, die \u00fcber Zweck und Mittel der Bearbeitung entscheidet.<\/p><p><strong><br \/>1. Name und Anschrift des Verantwortlichen<\/strong><\/p><p>Litapro Marketing GmbH<br \/>Klaus-Gebert-Strasse 4<br \/>8640 Rapperswil<\/p><p>Telefon 044 668 94 35<br \/>Telefax 044 668 94 37<br \/>E-Mail <span style=\"color: #999999;\"><a style=\"color: #999999;\" href=\"mailto:mail@litapro.ch\" target=\"_blank\" rel=\"noopener\">mail@litapro.ch<\/a><br \/><a style=\"color: #999999;\" href=\"https:\/\/litapro.ch\/\" target=\"_blank\" rel=\"noopener\">www.litapro.ch<\/a><\/span><strong><br \/><\/strong><br \/>Vertreterin des Verantwortlichen ist die Gesch\u00e4ftsf\u00fchrerin: Manuela Lattmann<\/p><p><strong><br \/>2. Datenschutzbeauftragter \/ Anlaufstelle f\u00fcr Datenschutzfragen<\/strong><\/p><p>Sie erreichen unseren Datenschutzbeauftragten unter: <span style=\"color: #999999;\"><a style=\"color: #999999;\" href=\"mailto:datenschutz@litapro.ch\">datenschutz@litapro.ch<\/a><\/span><\/p><p><strong><br \/>3. Bearbeitung von Personendaten<\/strong><\/p><p><strong><br \/>3.1 Besuch unserer Webseite<\/strong><\/p><p><strong>Umfang der Bearbeitung:<\/strong> Beim Besuch unserer Webseite werden automatisch technische Daten erfasst (sog. Server-Logfiles): IP-Adresse, Datum\/Uhrzeit, angeforderte Seite, Betriebssystem, Browsertyp\/Version, Referrer-URL.<br \/><strong>Zweck:<\/strong> Sicherstellung des Betriebs und der IT-Sicherheit.<br \/><strong>Speicherdauer:<\/strong> Max. 7 Tage, l\u00e4ngere Speicherung nur zur Abkl\u00e4rung von Sicherheitsvorf\u00e4llen.<\/p><p><strong><br \/>3.2 Kontaktformular und E-Mail<\/strong><\/p><p><strong>Umfang:<\/strong> Angaben aus dem Kontaktformular (z. B. Name der\/des Stadt\/Gemeinde\/Vereins\/Institution\/Einrichtung, Vorname\/Nachname, Adresse, Telefonnummer, E-Mail-Adresse, Ihre Nachricht) oder aus Ihrer E-Mail.<br \/><strong>Zweck:<\/strong> Bearbeitung Ihrer Anfrage.<br \/><strong>Bekanntgabe an Dritte:<\/strong> Keine Weitergabe ohne Ihre Zustimmung.<br \/><strong>Speicherdauer:<\/strong> Bis Abschluss der Anfrage oder Beendigung der Kommunikation.<\/p><p><strong><br \/>3.3 Cookies<\/strong><\/p><p>Wir verwenden Cookies, um unsere Webseite nutzerfreundlich zu gestalten. Sie k\u00f6nnen Cookies in den Einstellungen Ihres Browsers blockieren oder l\u00f6schen. Ohne Cookies sind Teile der Webseite evtl. nicht nutzbar.<\/p><p><strong><br \/>3.4 Webanalyse (Google Analytics)<\/strong><\/p><p>Wir nutzen <strong>Google Analytics<\/strong> (Google Ireland Ltd., Irland \/ Google LLC, USA) zur Analyse der Webseitennutzung.<\/p><p><strong>Bekanntgabe ins Ausland:<\/strong> Es kann eine \u00dcbermittlung in die USA stattfinden. Google verpflichtet sich, geeignete Garantien (Standardvertragsklauseln) einzuhalten, um ein angemessenes Datenschutzniveau sicherzustellen.<br \/><strong>Zweck:<\/strong> Verbesserung unserer Webseite.<br \/><strong>Widerspruch:<\/strong> Sie k\u00f6nnen die Erfassung durch ein Browser-Add-on verhindern: <span style=\"color: #999999;\"><a style=\"color: #999999;\" href=\"https:\/\/tools.google.com\/dlpage\/gaoptout?hl=de\">https:\/\/tools.google.com\/dlpage\/gaoptout?hl=de<\/a><\/span><\/p><p><strong><br \/>3.5 Werbung (Google Ads \/ Remarketing)<\/strong><\/p><p>Wir setzen Google Ads und Remarketing ein, um Ihnen interessenbezogene Werbung anzuzeigen.<\/p><p><strong>Bekanntgabe ins Ausland:<\/strong> Daten k\u00f6nnen an Google LLC in den USA \u00fcbermittelt werden.<br \/><strong>Widerspruch:<\/strong> Sie k\u00f6nnen personalisierte Werbung \u00fcber Google deaktivieren: <span style=\"color: #999999;\"><a style=\"color: #999999;\" href=\"https:\/\/www.google.com\/settings\/ads\">https:\/\/www.google.com\/settings\/ads<\/a><\/span><\/p><p><strong><br \/>4. Datensicherheit<\/strong><\/p><p>Wir treffen technische und organisatorische Massnahmen, um Ihre Personendaten vor Verlust, Missbrauch oder unbefugtem Zugriff zu sch\u00fctzen. Die \u00dcbertragung erfolgt verschl\u00fcsselt (SSL).<\/p><p><strong><br \/>5. Weitergabe von Daten an Dritte<\/strong><\/p><p>Eine Weitergabe erfolgt nur, wenn dies zur Erbringung unserer Leistungen erforderlich ist (z. B. Hosting, IT-Dienstleister) oder wir gesetzlich verpflichtet sind. Dabei stellen wir sicher, dass ein angemessenes Datenschutzniveau gew\u00e4hrleistet ist.<\/p><p><strong><br \/>6. Externe Dienste und Inhalte<\/strong><\/p><p>Wir binden externe Dienste ein (z. B. Google Maps). Beim Aufruf werden technische Daten wie IP-Adresse an den Anbieter \u00fcbermittelt. Bitte beachten Sie zus\u00e4tzlich die Datenschutzhinweise dieser Anbieter.<\/p><p><strong><br \/>7. Ihre Rechte (revDSG)<\/strong><\/p><p>Sie haben im Rahmen des geltenden Schweizer Datenschutzrechts insbesondere folgende Rechte:<\/p><p><strong>Auskunftsrecht<\/strong>: Sie k\u00f6nnen Auskunft dar\u00fcber verlangen, ob wir Personendaten \u00fcber Sie bearbeiten.<br \/><strong>Recht auf Berichtigung<\/strong>: Sie k\u00f6nnen unrichtige oder unvollst\u00e4ndige Personendaten berichtigen lassen.<br \/><strong>Recht auf L\u00f6schung<\/strong>: Sie k\u00f6nnen die L\u00f6schung Ihrer Personendaten verlangen, sofern keine gesetzliche Pflicht oder \u00fcberwiegendes Interesse dagegenspricht.<br \/><strong>Recht auf Herausgabe und \u00dcbertragung<\/strong>: Sie k\u00f6nnen Ihre Personendaten in einem g\u00e4ngigen elektronischen Format herausverlangen oder, soweit technisch machbar, an einen Dritten \u00fcbertragen lassen.<br \/><strong>Widerspruchsrecht<\/strong>: Sie k\u00f6nnen einer Bearbeitung, die nicht zwingend erforderlich ist, widersprechen.<\/p><p>Bitte wenden Sie sich hierzu an: <span style=\"color: #999999;\"><a style=\"color: #999999;\" href=\"mailto:datenschutz@litapro.ch\">datenschutz@litapro.ch<\/a><\/span><\/p><p><strong><br \/>8. Datenschutz-Folgenabsch\u00e4tzung<\/strong><\/p><p>Falls eine Bearbeitung ein hohes Risiko f\u00fcr Ihre Pers\u00f6nlichkeitsrechte birgt (z.\u202fB. durch umfangreiches Tracking oder Profiling), f\u00fchren wir eine Datenschutz-Folgenabsch\u00e4tzung gem\u00e4ss Art. 22 revDSG durch.<\/p><p><strong><br \/>9. \u00c4nderungen der Datenschutzerkl\u00e4rung<\/strong><\/p><p>Wir behalten uns vor, diese Datenschutzerkl\u00e4rung jederzeit anzupassen. Massgeblich ist die jeweils aktuelle Version auf unserer Webseite.<\/p>\t\t\t\t\t\t<\/div>\n\t\t\t\t<\/div>\n\t\t\t\t\t<\/div>\n\t\t<\/div>\n\t\t\t\t\t\t\t<\/div>\n\t\t<\/section>\n\t\t\t\t\t\t\t<\/div>\n\t\t","protected":false},"excerpt":{"rendered":"<p>Datenschutzerkl\u00e4rung (Schweiz, revDSG) In dieser Datenschutzerkl\u00e4rung informieren wir Sie dar\u00fcber, welche Personendaten wir bei Ihrem Besuch auf unserer Webseite bearbeiten und welche Rechte Ihnen zustehen.Bitte lesen Sie die nachfolgenden Ausf\u00fchrungen sorgf\u00e4ltig. Personendaten sind alle Angaben, die sich auf eine bestimmte oder bestimmbare nat\u00fcrliche Person beziehen. Dazu geh\u00f6ren z. B. Ihr Name, Ihre Adress- und Kommunikationsdaten [&hellip;]<\/p>\n","protected":false},"author":1,"featured_media":0,"parent":0,"menu_order":0,"comment_status":"closed","ping_status":"closed","template":"","meta":{"_eb_attr":"","footnotes":""},"class_list":["post-40","page","type-page","status-publish","hentry"],"yoast_head":"<!-- This site is optimized with the Yoast SEO plugin v20.6 - https:\/\/yoast.com\/wordpress\/plugins\/seo\/ -->\n<title>Datenschutz - Litapro Marketing GmbH<\/title>\n<meta name=\"robots\" content=\"index, follow, max-snippet:-1, max-image-preview:large, max-video-preview:-1\" \/>\n<link rel=\"canonical\" href=\"https:\/\/litapro.ch\/?page_id=40\" \/>\n<meta property=\"og:locale\" content=\"de_DE\" \/>\n<meta property=\"og:type\" content=\"article\" \/>\n<meta property=\"og:title\" content=\"Datenschutz - Litapro Marketing GmbH\" \/>\n<meta property=\"og:description\" content=\"Datenschutzerkl\u00e4rung (Schweiz, revDSG) In dieser Datenschutzerkl\u00e4rung informieren wir Sie dar\u00fcber, welche Personendaten wir bei Ihrem Besuch auf unserer Webseite bearbeiten und welche Rechte Ihnen zustehen.Bitte lesen Sie die nachfolgenden Ausf\u00fchrungen sorgf\u00e4ltig. Personendaten sind alle Angaben, die sich auf eine bestimmte oder bestimmbare nat\u00fcrliche Person beziehen. Dazu geh\u00f6ren z. B. Ihr Name, Ihre Adress- und Kommunikationsdaten [&hellip;]\" \/>\n<meta property=\"og:url\" content=\"https:\/\/litapro.ch\/?page_id=40\" \/>\n<meta property=\"og:site_name\" content=\"Litapro Marketing GmbH\" \/>\n<meta property=\"article:modified_time\" content=\"2025-10-13T09:57:24+00:00\" \/>\n<meta property=\"og:image\" content=\"https:\/\/litapro.ch\/wp-content\/uploads\/2024\/04\/header_website_litapro_ch_9_neues-format.jpg\" \/>\n<meta name=\"twitter:card\" content=\"summary_large_image\" \/>\n<meta name=\"twitter:label1\" content=\"Gesch\u00e4tzte Lesezeit\" \/>\n\t<meta name=\"twitter:data1\" content=\"4\u00a0Minuten\" \/>\n<script type=\"application\/ld+json\" class=\"yoast-schema-graph\">{\"@context\":\"https:\/\/schema.org\",\"@graph\":[{\"@type\":\"WebPage\",\"@id\":\"https:\/\/litapro.ch\/?page_id=40\",\"url\":\"https:\/\/litapro.ch\/?page_id=40\",\"name\":\"Datenschutz - Litapro Marketing GmbH\",\"isPartOf\":{\"@id\":\"https:\/\/litapro.ch\/#website\"},\"datePublished\":\"2023-05-03T15:02:09+00:00\",\"dateModified\":\"2025-10-13T09:57:24+00:00\",\"breadcrumb\":{\"@id\":\"https:\/\/litapro.ch\/?page_id=40#breadcrumb\"},\"inLanguage\":\"de\",\"potentialAction\":[{\"@type\":\"ReadAction\",\"target\":[\"https:\/\/litapro.ch\/?page_id=40\"]}]},{\"@type\":\"BreadcrumbList\",\"@id\":\"https:\/\/litapro.ch\/?page_id=40#breadcrumb\",\"itemListElement\":[{\"@type\":\"ListItem\",\"position\":1,\"name\":\"Startseite\",\"item\":\"https:\/\/litapro.ch\/\"},{\"@type\":\"ListItem\",\"position\":2,\"name\":\"Datenschutz\"}]},{\"@type\":\"WebSite\",\"@id\":\"https:\/\/litapro.ch\/#website\",\"url\":\"https:\/\/litapro.ch\/\",\"name\":\"Litapro Marketing GmbH\",\"description\":\"\",\"publisher\":{\"@id\":\"https:\/\/litapro.ch\/#organization\"},\"potentialAction\":[{\"@type\":\"SearchAction\",\"target\":{\"@type\":\"EntryPoint\",\"urlTemplate\":\"https:\/\/litapro.ch\/?s={search_term_string}\"},\"query-input\":\"required name=search_term_string\"}],\"inLanguage\":\"de\"},{\"@type\":\"Organization\",\"@id\":\"https:\/\/litapro.ch\/#organization\",\"name\":\"Litapro Marketing GmbH\",\"url\":\"https:\/\/litapro.ch\/\",\"logo\":{\"@type\":\"ImageObject\",\"inLanguage\":\"de\",\"@id\":\"https:\/\/litapro.ch\/#\/schema\/logo\/image\/\",\"url\":\"https:\/\/litapro.ch\/wp-content\/uploads\/2023\/05\/Logo_Litapro.svg\",\"contentUrl\":\"https:\/\/litapro.ch\/wp-content\/uploads\/2023\/05\/Logo_Litapro.svg\",\"width\":141,\"height\":141,\"caption\":\"Litapro Marketing GmbH \"},\"image\":{\"@id\":\"https:\/\/litapro.ch\/#\/schema\/logo\/image\/\"}}]}<\/script>\n<!-- \/ Yoast SEO plugin. -->","yoast_head_json":{"title":"Datenschutz - Litapro Marketing GmbH","robots":{"index":"index","follow":"follow","max-snippet":"max-snippet:-1","max-image-preview":"max-image-preview:large","max-video-preview":"max-video-preview:-1"},"canonical":"https:\/\/litapro.ch\/?page_id=40","og_locale":"de_DE","og_type":"article","og_title":"Datenschutz - Litapro Marketing GmbH","og_description":"Datenschutzerkl\u00e4rung (Schweiz, revDSG) In dieser Datenschutzerkl\u00e4rung informieren wir Sie dar\u00fcber, welche Personendaten wir bei Ihrem Besuch auf unserer Webseite bearbeiten und welche Rechte Ihnen zustehen.Bitte lesen Sie die nachfolgenden Ausf\u00fchrungen sorgf\u00e4ltig. Personendaten sind alle Angaben, die sich auf eine bestimmte oder bestimmbare nat\u00fcrliche Person beziehen. Dazu geh\u00f6ren z. B. Ihr Name, Ihre Adress- und Kommunikationsdaten [&hellip;]","og_url":"https:\/\/litapro.ch\/?page_id=40","og_site_name":"Litapro Marketing GmbH","article_modified_time":"2025-10-13T09:57:24+00:00","og_image":[{"url":"https:\/\/litapro.ch\/wp-content\/uploads\/2024\/04\/header_website_litapro_ch_9_neues-format.jpg"}],"twitter_card":"summary_large_image","twitter_misc":{"Gesch\u00e4tzte Lesezeit":"4\u00a0Minuten"},"schema":{"@context":"https:\/\/schema.org","@graph":[{"@type":"WebPage","@id":"https:\/\/litapro.ch\/?page_id=40","url":"https:\/\/litapro.ch\/?page_id=40","name":"Datenschutz - Litapro Marketing GmbH","isPartOf":{"@id":"https:\/\/litapro.ch\/#website"},"datePublished":"2023-05-03T15:02:09+00:00","dateModified":"2025-10-13T09:57:24+00:00","breadcrumb":{"@id":"https:\/\/litapro.ch\/?page_id=40#breadcrumb"},"inLanguage":"de","potentialAction":[{"@type":"ReadAction","target":["https:\/\/litapro.ch\/?page_id=40"]}]},{"@type":"BreadcrumbList","@id":"https:\/\/litapro.ch\/?page_id=40#breadcrumb","itemListElement":[{"@type":"ListItem","position":1,"name":"Startseite","item":"https:\/\/litapro.ch\/"},{"@type":"ListItem","position":2,"name":"Datenschutz"}]},{"@type":"WebSite","@id":"https:\/\/litapro.ch\/#website","url":"https:\/\/litapro.ch\/","name":"Litapro Marketing GmbH","description":"","publisher":{"@id":"https:\/\/litapro.ch\/#organization"},"potentialAction":[{"@type":"SearchAction","target":{"@type":"EntryPoint","urlTemplate":"https:\/\/litapro.ch\/?s={search_term_string}"},"query-input":"required name=search_term_string"}],"inLanguage":"de"},{"@type":"Organization","@id":"https:\/\/litapro.ch\/#organization","name":"Litapro Marketing GmbH","url":"https:\/\/litapro.ch\/","logo":{"@type":"ImageObject","inLanguage":"de","@id":"https:\/\/litapro.ch\/#\/schema\/logo\/image\/","url":"https:\/\/litapro.ch\/wp-content\/uploads\/2023\/05\/Logo_Litapro.svg","contentUrl":"https:\/\/litapro.ch\/wp-content\/uploads\/2023\/05\/Logo_Litapro.svg","width":141,"height":141,"caption":"Litapro Marketing GmbH "},"image":{"@id":"https:\/\/litapro.ch\/#\/schema\/logo\/image\/"}}]}},"_links":{"self":[{"href":"https:\/\/litapro.ch\/index.php?rest_route=\/wp\/v2\/pages\/40","targetHints":{"allow":["GET"]}}],"collection":[{"href":"https:\/\/litapro.ch\/index.php?rest_route=\/wp\/v2\/pages"}],"about":[{"href":"https:\/\/litapro.ch\/index.php?rest_route=\/wp\/v2\/types\/page"}],"author":[{"embeddable":true,"href":"https:\/\/litapro.ch\/index.php?rest_route=\/wp\/v2\/users\/1"}],"replies":[{"embeddable":true,"href":"https:\/\/litapro.ch\/index.php?rest_route=%2Fwp%2Fv2%2Fcomments&post=40"}],"version-history":[{"count":82,"href":"https:\/\/litapro.ch\/index.php?rest_route=\/wp\/v2\/pages\/40\/revisions"}],"predecessor-version":[{"id":901,"href":"https:\/\/litapro.ch\/index.php?rest_route=\/wp\/v2\/pages\/40\/revisions\/901"}],"wp:attachment":[{"href":"https:\/\/litapro.ch\/index.php?rest_route=%2Fwp%2Fv2%2Fmedia&parent=40"}],"curies":[{"name":"wp","href":"https:\/\/api.w.org\/{rel}","templated":true}]}}