{"id":151,"date":"2023-05-07T21:27:22","date_gmt":"2023-05-07T21:27:22","guid":{"rendered":"https:\/\/litapro.ch\/?page_id=151"},"modified":"2026-02-25T09:16:36","modified_gmt":"2026-02-25T09:16:36","slug":"hauptseite-copy-copy-copy","status":"publish","type":"page","link":"https:\/\/litapro.ch\/?page_id=151","title":{"rendered":"Defibrillator"},"content":{"rendered":"\t\t<div data-elementor-type=\"wp-page\" data-elementor-id=\"151\" class=\"elementor elementor-151\">\n\t\t\t\t\t\t\t\t\t<section class=\"elementor-section elementor-top-section elementor-element elementor-element-f54b8a8 elementor-section-boxed elementor-section-height-default elementor-section-height-default\" data-id=\"f54b8a8\" data-element_type=\"section\">\n\t\t\t\t\t\t<div class=\"elementor-container elementor-column-gap-default\">\n\t\t\t\t\t<div class=\"elementor-column elementor-col-100 elementor-top-column elementor-element elementor-element-1a45dfa\" data-id=\"1a45dfa\" data-element_type=\"column\">\n\t\t\t<div class=\"elementor-widget-wrap elementor-element-populated\">\n\t\t\t\t\t\t\t\t<div class=\"elementor-element elementor-element-f283d03 animated-slow elementor-invisible elementor-widget elementor-widget-image\" data-id=\"f283d03\" data-element_type=\"widget\" data-settings=\"{&quot;_animation&quot;:&quot;fadeIn&quot;,&quot;_animation_delay&quot;:200}\" data-widget_type=\"image.default\">\n\t\t\t\t<div class=\"elementor-widget-container\">\n\t\t\t<style>\/*! elementor - v3.13.2 - 11-05-2023 *\/\n.elementor-widget-image{text-align:center}.elementor-widget-image a{display:inline-block}.elementor-widget-image a img[src$=\".svg\"]{width:48px}.elementor-widget-image img{vertical-align:middle;display:inline-block}<\/style>\t\t\t\t\t\t\t\t\t\t\t\t<img loading=\"lazy\" decoding=\"async\" width=\"1542\" height=\"591\" src=\"https:\/\/litapro.ch\/wp-content\/uploads\/2024\/04\/header_website_litapro_ch_4_neues-format.jpg\" class=\"attachment-full size-full wp-image-668\" alt=\"\" srcset=\"https:\/\/litapro.ch\/wp-content\/uploads\/2024\/04\/header_website_litapro_ch_4_neues-format.jpg 1542w, https:\/\/litapro.ch\/wp-content\/uploads\/2024\/04\/header_website_litapro_ch_4_neues-format-300x115.jpg 300w, https:\/\/litapro.ch\/wp-content\/uploads\/2024\/04\/header_website_litapro_ch_4_neues-format-1024x392.jpg 1024w, https:\/\/litapro.ch\/wp-content\/uploads\/2024\/04\/header_website_litapro_ch_4_neues-format-768x294.jpg 768w, https:\/\/litapro.ch\/wp-content\/uploads\/2024\/04\/header_website_litapro_ch_4_neues-format-1536x589.jpg 1536w\" sizes=\"auto, (max-width: 1542px) 100vw, 1542px\" \/>\t\t\t\t\t\t\t\t\t\t\t\t\t\t\t<\/div>\n\t\t\t\t<\/div>\n\t\t\t\t\t<\/div>\n\t\t<\/div>\n\t\t\t\t\t\t\t<\/div>\n\t\t<\/section>\n\t\t\t\t<section class=\"elementor-section elementor-top-section elementor-element elementor-element-96eb854 elementor-section-boxed elementor-section-height-default elementor-section-height-default\" data-id=\"96eb854\" data-element_type=\"section\">\n\t\t\t\t\t\t<div class=\"elementor-container elementor-column-gap-default\">\n\t\t\t\t\t<div class=\"elementor-column elementor-col-100 elementor-top-column elementor-element elementor-element-41406de\" data-id=\"41406de\" data-element_type=\"column\">\n\t\t\t<div class=\"elementor-widget-wrap elementor-element-populated\">\n\t\t\t\t\t\t\t\t<div class=\"elementor-element elementor-element-e6cb882 elementor-widget elementor-widget-spacer\" data-id=\"e6cb882\" data-element_type=\"widget\" data-widget_type=\"spacer.default\">\n\t\t\t\t<div class=\"elementor-widget-container\">\n\t\t\t<style>\/*! elementor - v3.13.2 - 11-05-2023 *\/\n.elementor-column .elementor-spacer-inner{height:var(--spacer-size)}.e-con{--container-widget-width:100%}.e-con-inner>.elementor-widget-spacer,.e-con>.elementor-widget-spacer{width:var(--container-widget-width,var(--spacer-size));--align-self:var(--container-widget-align-self,initial);--flex-shrink:0}.e-con-inner>.elementor-widget-spacer>.elementor-widget-container,.e-con-inner>.elementor-widget-spacer>.elementor-widget-container>.elementor-spacer,.e-con>.elementor-widget-spacer>.elementor-widget-container,.e-con>.elementor-widget-spacer>.elementor-widget-container>.elementor-spacer{height:100%}.e-con-inner>.elementor-widget-spacer>.elementor-widget-container>.elementor-spacer>.elementor-spacer-inner,.e-con>.elementor-widget-spacer>.elementor-widget-container>.elementor-spacer>.elementor-spacer-inner{height:var(--container-widget-height,var(--spacer-size))}<\/style>\t\t<div class=\"elementor-spacer\">\n\t\t\t<div class=\"elementor-spacer-inner\"><\/div>\n\t\t<\/div>\n\t\t\t\t<\/div>\n\t\t\t\t<\/div>\n\t\t\t\t\t<\/div>\n\t\t<\/div>\n\t\t\t\t\t\t\t<\/div>\n\t\t<\/section>\n\t\t\t\t<section class=\"elementor-section elementor-top-section elementor-element elementor-element-fbc95a5 elementor-section-boxed elementor-section-height-default elementor-section-height-default\" data-id=\"fbc95a5\" data-element_type=\"section\">\n\t\t\t\t\t\t<div class=\"elementor-container elementor-column-gap-default\">\n\t\t\t\t\t<div class=\"elementor-column elementor-col-33 elementor-top-column elementor-element elementor-element-bc8e938\" data-id=\"bc8e938\" data-element_type=\"column\">\n\t\t\t<div class=\"elementor-widget-wrap elementor-element-populated\">\n\t\t\t\t\t\t\t\t<div class=\"elementor-element elementor-element-ec1568b elementor-invisible elementor-widget elementor-widget-image\" data-id=\"ec1568b\" data-element_type=\"widget\" data-settings=\"{&quot;_animation&quot;:&quot;slideInUp&quot;}\" data-widget_type=\"image.default\">\n\t\t\t\t<div class=\"elementor-widget-container\">\n\t\t\t\t\t\t\t\t\t\t\t\t\t\t\t<img loading=\"lazy\" decoding=\"async\" width=\"1505\" height=\"1003\" src=\"https:\/\/litapro.ch\/wp-content\/uploads\/2023\/05\/defi_sponsorentafel_ch-dt_2023-031.jpg\" class=\"attachment-full size-full wp-image-158\" alt=\"\" srcset=\"https:\/\/litapro.ch\/wp-content\/uploads\/2023\/05\/defi_sponsorentafel_ch-dt_2023-031.jpg 1505w, https:\/\/litapro.ch\/wp-content\/uploads\/2023\/05\/defi_sponsorentafel_ch-dt_2023-031-300x200.jpg 300w, https:\/\/litapro.ch\/wp-content\/uploads\/2023\/05\/defi_sponsorentafel_ch-dt_2023-031-1024x682.jpg 1024w, https:\/\/litapro.ch\/wp-content\/uploads\/2023\/05\/defi_sponsorentafel_ch-dt_2023-031-768x512.jpg 768w\" sizes=\"auto, (max-width: 1505px) 100vw, 1505px\" \/>\t\t\t\t\t\t\t\t\t\t\t\t\t\t\t<\/div>\n\t\t\t\t<\/div>\n\t\t\t\t<div class=\"elementor-element elementor-element-37c8fd3 gallery-spacing-custom elementor-invisible elementor-widget elementor-widget-image-gallery\" data-id=\"37c8fd3\" data-element_type=\"widget\" data-settings=\"{&quot;_animation&quot;:&quot;fadeInUp&quot;}\" data-widget_type=\"image-gallery.default\">\n\t\t\t\t<div class=\"elementor-widget-container\">\n\t\t\t<style>\/*! elementor - v3.13.2 - 11-05-2023 *\/\n.elementor-image-gallery .gallery-item{display:inline-block;text-align:center;vertical-align:top;width:100%;max-width:100%;margin:0 auto}.elementor-image-gallery .gallery-item img{margin:0 auto}.elementor-image-gallery .gallery-item .gallery-caption{margin:0}.elementor-image-gallery figure img{display:block}.elementor-image-gallery figure figcaption{width:100%}.gallery-spacing-custom .elementor-image-gallery .gallery-icon{padding:0}@media (min-width:768px){.elementor-image-gallery .gallery-columns-2 .gallery-item{max-width:50%}.elementor-image-gallery .gallery-columns-3 .gallery-item{max-width:33.33%}.elementor-image-gallery .gallery-columns-4 .gallery-item{max-width:25%}.elementor-image-gallery .gallery-columns-5 .gallery-item{max-width:20%}.elementor-image-gallery .gallery-columns-6 .gallery-item{max-width:16.666%}.elementor-image-gallery .gallery-columns-7 .gallery-item{max-width:14.28%}.elementor-image-gallery .gallery-columns-8 .gallery-item{max-width:12.5%}.elementor-image-gallery .gallery-columns-9 .gallery-item{max-width:11.11%}.elementor-image-gallery .gallery-columns-10 .gallery-item{max-width:10%}}@media (min-width:480px) and (max-width:767px){.elementor-image-gallery .gallery.gallery-columns-2 .gallery-item,.elementor-image-gallery .gallery.gallery-columns-3 .gallery-item,.elementor-image-gallery .gallery.gallery-columns-4 .gallery-item,.elementor-image-gallery .gallery.gallery-columns-5 .gallery-item,.elementor-image-gallery .gallery.gallery-columns-6 .gallery-item,.elementor-image-gallery .gallery.gallery-columns-7 .gallery-item,.elementor-image-gallery .gallery.gallery-columns-8 .gallery-item,.elementor-image-gallery .gallery.gallery-columns-9 .gallery-item,.elementor-image-gallery .gallery.gallery-columns-10 .gallery-item{max-width:50%}}@media (max-width:479px){.elementor-image-gallery .gallery.gallery-columns-2 .gallery-item,.elementor-image-gallery .gallery.gallery-columns-3 .gallery-item,.elementor-image-gallery .gallery.gallery-columns-4 .gallery-item,.elementor-image-gallery .gallery.gallery-columns-5 .gallery-item,.elementor-image-gallery .gallery.gallery-columns-6 .gallery-item,.elementor-image-gallery .gallery.gallery-columns-7 .gallery-item,.elementor-image-gallery .gallery.gallery-columns-8 .gallery-item,.elementor-image-gallery .gallery.gallery-columns-9 .gallery-item,.elementor-image-gallery .gallery.gallery-columns-10 .gallery-item{max-width:100%}}<\/style>\t\t<div class=\"elementor-image-gallery\">\n\t\t\t<div id='gallery-1' class='gallery galleryid-151 gallery-columns-2 gallery-size-full'><figure class='gallery-item'>\n\t\t\t<div class='gallery-icon landscape'>\n\t\t\t\t<a data-elementor-open-lightbox=\"yes\" data-elementor-lightbox-slideshow=\"37c8fd3\" data-elementor-lightbox-title=\"defi_de_buero_2019-02_021\" data-e-action-hash=\"#elementor-action%3Aaction%3Dlightbox%26settings%3DeyJpZCI6MTU2LCJ1cmwiOiJodHRwczpcL1wvbGl0YXByby5jaFwvd3AtY29udGVudFwvdXBsb2Fkc1wvMjAyM1wvMDVcL2RlZmlfZGVfYnVlcm9fMjAxOS0wMl8wMjEuanBnIiwic2xpZGVzaG93IjoiMzdjOGZkMyJ9\" href='https:\/\/litapro.ch\/wp-content\/uploads\/2023\/05\/defi_de_buero_2019-02_021.jpg'><img loading=\"lazy\" decoding=\"async\" width=\"1600\" height=\"1067\" src=\"https:\/\/litapro.ch\/wp-content\/uploads\/2023\/05\/defi_de_buero_2019-02_021.jpg\" class=\"attachment-full size-full\" alt=\"\" srcset=\"https:\/\/litapro.ch\/wp-content\/uploads\/2023\/05\/defi_de_buero_2019-02_021.jpg 1600w, https:\/\/litapro.ch\/wp-content\/uploads\/2023\/05\/defi_de_buero_2019-02_021-300x200.jpg 300w, https:\/\/litapro.ch\/wp-content\/uploads\/2023\/05\/defi_de_buero_2019-02_021-1024x683.jpg 1024w, https:\/\/litapro.ch\/wp-content\/uploads\/2023\/05\/defi_de_buero_2019-02_021-768x512.jpg 768w, https:\/\/litapro.ch\/wp-content\/uploads\/2023\/05\/defi_de_buero_2019-02_021-1536x1024.jpg 1536w\" sizes=\"auto, (max-width: 1600px) 100vw, 1600px\" \/><\/a>\n\t\t\t<\/div><\/figure><figure class='gallery-item'>\n\t\t\t<div class='gallery-icon landscape'>\n\t\t\t\t<a data-elementor-open-lightbox=\"yes\" data-elementor-lightbox-slideshow=\"37c8fd3\" data-elementor-lightbox-title=\"defi_de_buero_2019-021\" data-e-action-hash=\"#elementor-action%3Aaction%3Dlightbox%26settings%3DeyJpZCI6MTU3LCJ1cmwiOiJodHRwczpcL1wvbGl0YXByby5jaFwvd3AtY29udGVudFwvdXBsb2Fkc1wvMjAyM1wvMDVcL2RlZmlfZGVfYnVlcm9fMjAxOS0wMjEuanBnIiwic2xpZGVzaG93IjoiMzdjOGZkMyJ9\" href='https:\/\/litapro.ch\/wp-content\/uploads\/2023\/05\/defi_de_buero_2019-021.jpg'><img loading=\"lazy\" decoding=\"async\" width=\"1584\" height=\"1056\" src=\"https:\/\/litapro.ch\/wp-content\/uploads\/2023\/05\/defi_de_buero_2019-021.jpg\" class=\"attachment-full size-full\" alt=\"\" srcset=\"https:\/\/litapro.ch\/wp-content\/uploads\/2023\/05\/defi_de_buero_2019-021.jpg 1584w, https:\/\/litapro.ch\/wp-content\/uploads\/2023\/05\/defi_de_buero_2019-021-300x200.jpg 300w, https:\/\/litapro.ch\/wp-content\/uploads\/2023\/05\/defi_de_buero_2019-021-1024x683.jpg 1024w, https:\/\/litapro.ch\/wp-content\/uploads\/2023\/05\/defi_de_buero_2019-021-768x512.jpg 768w, https:\/\/litapro.ch\/wp-content\/uploads\/2023\/05\/defi_de_buero_2019-021-1536x1024.jpg 1536w\" sizes=\"auto, (max-width: 1584px) 100vw, 1584px\" \/><\/a>\n\t\t\t<\/div><\/figure>\n\t\t<\/div>\n\t\t<\/div>\n\t\t\t\t<\/div>\n\t\t\t\t<\/div>\n\t\t\t\t\t<\/div>\n\t\t<\/div>\n\t\t\t\t<div class=\"elementor-column elementor-col-33 elementor-top-column elementor-element elementor-element-2d45f56\" data-id=\"2d45f56\" data-element_type=\"column\">\n\t\t\t<div class=\"elementor-widget-wrap\">\n\t\t\t\t\t\t\t\t\t<\/div>\n\t\t<\/div>\n\t\t\t\t<div class=\"elementor-column elementor-col-33 elementor-top-column elementor-element elementor-element-67446f4\" data-id=\"67446f4\" data-element_type=\"column\">\n\t\t\t<div class=\"elementor-widget-wrap elementor-element-populated\">\n\t\t\t\t\t\t\t\t<div class=\"elementor-element elementor-element-01e1338 elementor-widget elementor-widget-text-editor\" data-id=\"01e1338\" data-element_type=\"widget\" data-widget_type=\"text-editor.default\">\n\t\t\t\t<div class=\"elementor-widget-container\">\n\t\t\t<style>\/*! elementor - v3.13.2 - 11-05-2023 *\/\n.elementor-widget-text-editor.elementor-drop-cap-view-stacked .elementor-drop-cap{background-color:#69727d;color:#fff}.elementor-widget-text-editor.elementor-drop-cap-view-framed .elementor-drop-cap{color:#69727d;border:3px solid;background-color:transparent}.elementor-widget-text-editor:not(.elementor-drop-cap-view-default) .elementor-drop-cap{margin-top:8px}.elementor-widget-text-editor:not(.elementor-drop-cap-view-default) .elementor-drop-cap-letter{width:1em;height:1em}.elementor-widget-text-editor .elementor-drop-cap{float:left;text-align:center;line-height:1;font-size:50px}.elementor-widget-text-editor .elementor-drop-cap-letter{display:inline-block}<\/style>\t\t\t\t<p>Pr\u00e4vention und gemeinsam Leben retten liegt uns am Herzen. Mit unserem Konzept leisten wir einen Beitrag zum Kampf gegen den pl\u00f6tzlichen Herztod. Institutionen, st\u00e4dtische und soziale Einrichtungen erhalten von einem Philips-Vertriebspartner einen Defibrillator vom Typ HeartStart HS1.<\/p><p>Die Anschaffungskosten sowie die Kosten f\u00fcr die Ersteinweisung durch Fachpersonal und s\u00e4mtliche notwendige Serviceleistungen \u00fcbernehmen selbstverst\u00e4ndlich wir. Das Ger\u00e4t kann von jedermann bedient werden und wird permanent gewartet.<\/p><p>Durch den Einsatz an hochfrequentierten <span style=\"font-size: 1rem;\">Standorten tr\u00e4gt der Defibrillator zur Sicherheit bei und bietet gleichzeitig Unternehmen aus der Region die M\u00f6glichkeit, sich zu engagieren und sich auf einer Lebensrettungstafel zu pr\u00e4sentieren.<\/span><\/p><p><span style=\"color: #aca495;\"><strong>Ihr Rundum-Sorglos-Paket:<\/strong><\/span><\/p><ul><li><span style=\"color: #aca495; font-size: 1rem;\">komplett ausgestatteter Defibrillator vom Weltmarktf\u00fchrer Philips vom Typ HeartStart HS1<\/span><\/li><li><span style=\"color: #aca495; font-size: 1rem;\">sichere Aufbewahrungsm\u00f6glichkeit (inkl. Kurzanleitung)<\/span><\/li><li><span style=\"color: #aca495; font-size: 1rem;\">alle notwendigen Serviceleistungen (ohne weitere Kosten)<\/span><\/li><li><span style=\"color: #aca495; font-size: 1rem;\">Inbetriebnahme und Ersteinweisung durch Fachpersonal<\/span><\/li><li><span style=\"color: #aca495;\"><span style=\"font-size: 1rem;\">informative Notfalltafel inkl. Flyer-Boxen f\u00fcr den Einsatz im <\/span><span style=\"font-size: 1rem;\">Innen- und Aussenbereich<\/span><\/span><\/li><\/ul>\t\t\t\t\t\t<\/div>\n\t\t\t\t<\/div>\n\t\t\t\t\t<\/div>\n\t\t<\/div>\n\t\t\t\t\t\t\t<\/div>\n\t\t<\/section>\n\t\t\t\t<section class=\"elementor-section elementor-top-section elementor-element elementor-element-1f38bdf elementor-section-boxed elementor-section-height-default elementor-section-height-default\" data-id=\"1f38bdf\" data-element_type=\"section\">\n\t\t\t\t\t\t<div class=\"elementor-container elementor-column-gap-default\">\n\t\t\t\t\t<div class=\"elementor-column elementor-col-100 elementor-top-column elementor-element elementor-element-bebb4b2\" data-id=\"bebb4b2\" data-element_type=\"column\">\n\t\t\t<div class=\"elementor-widget-wrap elementor-element-populated\">\n\t\t\t\t\t\t\t\t<div class=\"elementor-element elementor-element-ba78226 elementor-widget elementor-widget-spacer\" data-id=\"ba78226\" data-element_type=\"widget\" data-widget_type=\"spacer.default\">\n\t\t\t\t<div class=\"elementor-widget-container\">\n\t\t\t\t\t<div class=\"elementor-spacer\">\n\t\t\t<div class=\"elementor-spacer-inner\"><\/div>\n\t\t<\/div>\n\t\t\t\t<\/div>\n\t\t\t\t<\/div>\n\t\t\t\t\t<\/div>\n\t\t<\/div>\n\t\t\t\t\t\t\t<\/div>\n\t\t<\/section>\n\t\t\t\t\t\t\t<\/div>\n\t\t","protected":false},"excerpt":{"rendered":"<p>Pr\u00e4vention und gemeinsam Leben retten liegt uns am Herzen. Mit unserem Konzept leisten wir einen Beitrag zum Kampf gegen den pl\u00f6tzlichen Herztod. Institutionen, st\u00e4dtische und soziale Einrichtungen erhalten von einem Philips-Vertriebspartner einen Defibrillator vom Typ HeartStart HS1. Die Anschaffungskosten sowie die Kosten f\u00fcr die Ersteinweisung durch Fachpersonal und s\u00e4mtliche notwendige Serviceleistungen \u00fcbernehmen selbstverst\u00e4ndlich wir. Das [&hellip;]<\/p>\n","protected":false},"author":1,"featured_media":0,"parent":0,"menu_order":0,"comment_status":"closed","ping_status":"closed","template":"elementor_header_footer","meta":{"_eb_attr":"","footnotes":""},"class_list":["post-151","page","type-page","status-publish","hentry"],"yoast_head":"<!-- This site is optimized with the Yoast SEO plugin v20.6 - https:\/\/yoast.com\/wordpress\/plugins\/seo\/ -->\n<title>Defibrillator - Litapro Marketing GmbH<\/title>\n<meta name=\"robots\" content=\"index, follow, max-snippet:-1, max-image-preview:large, max-video-preview:-1\" \/>\n<link rel=\"canonical\" href=\"https:\/\/litapro.ch\/?page_id=151\" \/>\n<meta property=\"og:locale\" content=\"de_DE\" \/>\n<meta property=\"og:type\" content=\"article\" \/>\n<meta property=\"og:title\" content=\"Defibrillator - Litapro Marketing GmbH\" \/>\n<meta property=\"og:description\" content=\"Pr\u00e4vention und gemeinsam Leben retten liegt uns am Herzen. Mit unserem Konzept leisten wir einen Beitrag zum Kampf gegen den pl\u00f6tzlichen Herztod. Institutionen, st\u00e4dtische und soziale Einrichtungen erhalten von einem Philips-Vertriebspartner einen Defibrillator vom Typ HeartStart HS1. Die Anschaffungskosten sowie die Kosten f\u00fcr die Ersteinweisung durch Fachpersonal und s\u00e4mtliche notwendige Serviceleistungen \u00fcbernehmen selbstverst\u00e4ndlich wir. Das [&hellip;]\" \/>\n<meta property=\"og:url\" content=\"https:\/\/litapro.ch\/?page_id=151\" \/>\n<meta property=\"og:site_name\" content=\"Litapro Marketing GmbH\" \/>\n<meta property=\"article:modified_time\" content=\"2026-02-25T09:16:36+00:00\" \/>\n<meta property=\"og:image\" content=\"https:\/\/litapro.ch\/wp-content\/uploads\/2024\/04\/header_website_litapro_ch_4_neues-format.jpg\" \/>\n<meta name=\"twitter:card\" content=\"summary_large_image\" \/>\n<meta name=\"twitter:label1\" content=\"Gesch\u00e4tzte Lesezeit\" \/>\n\t<meta name=\"twitter:data1\" content=\"2\u00a0Minuten\" \/>\n<script type=\"application\/ld+json\" class=\"yoast-schema-graph\">{\"@context\":\"https:\/\/schema.org\",\"@graph\":[{\"@type\":\"WebPage\",\"@id\":\"https:\/\/litapro.ch\/?page_id=151\",\"url\":\"https:\/\/litapro.ch\/?page_id=151\",\"name\":\"Defibrillator - Litapro Marketing GmbH\",\"isPartOf\":{\"@id\":\"https:\/\/litapro.ch\/#website\"},\"datePublished\":\"2023-05-07T21:27:22+00:00\",\"dateModified\":\"2026-02-25T09:16:36+00:00\",\"breadcrumb\":{\"@id\":\"https:\/\/litapro.ch\/?page_id=151#breadcrumb\"},\"inLanguage\":\"de\",\"potentialAction\":[{\"@type\":\"ReadAction\",\"target\":[\"https:\/\/litapro.ch\/?page_id=151\"]}]},{\"@type\":\"BreadcrumbList\",\"@id\":\"https:\/\/litapro.ch\/?page_id=151#breadcrumb\",\"itemListElement\":[{\"@type\":\"ListItem\",\"position\":1,\"name\":\"Startseite\",\"item\":\"https:\/\/litapro.ch\/\"},{\"@type\":\"ListItem\",\"position\":2,\"name\":\"Defibrillator\"}]},{\"@type\":\"WebSite\",\"@id\":\"https:\/\/litapro.ch\/#website\",\"url\":\"https:\/\/litapro.ch\/\",\"name\":\"Litapro Marketing GmbH\",\"description\":\"\",\"publisher\":{\"@id\":\"https:\/\/litapro.ch\/#organization\"},\"potentialAction\":[{\"@type\":\"SearchAction\",\"target\":{\"@type\":\"EntryPoint\",\"urlTemplate\":\"https:\/\/litapro.ch\/?s={search_term_string}\"},\"query-input\":\"required name=search_term_string\"}],\"inLanguage\":\"de\"},{\"@type\":\"Organization\",\"@id\":\"https:\/\/litapro.ch\/#organization\",\"name\":\"Litapro Marketing GmbH\",\"url\":\"https:\/\/litapro.ch\/\",\"logo\":{\"@type\":\"ImageObject\",\"inLanguage\":\"de\",\"@id\":\"https:\/\/litapro.ch\/#\/schema\/logo\/image\/\",\"url\":\"https:\/\/litapro.ch\/wp-content\/uploads\/2023\/05\/Logo_Litapro.svg\",\"contentUrl\":\"https:\/\/litapro.ch\/wp-content\/uploads\/2023\/05\/Logo_Litapro.svg\",\"width\":141,\"height\":141,\"caption\":\"Litapro Marketing GmbH \"},\"image\":{\"@id\":\"https:\/\/litapro.ch\/#\/schema\/logo\/image\/\"}}]}<\/script>\n<!-- \/ Yoast SEO plugin. -->","yoast_head_json":{"title":"Defibrillator - Litapro Marketing GmbH","robots":{"index":"index","follow":"follow","max-snippet":"max-snippet:-1","max-image-preview":"max-image-preview:large","max-video-preview":"max-video-preview:-1"},"canonical":"https:\/\/litapro.ch\/?page_id=151","og_locale":"de_DE","og_type":"article","og_title":"Defibrillator - Litapro Marketing GmbH","og_description":"Pr\u00e4vention und gemeinsam Leben retten liegt uns am Herzen. Mit unserem Konzept leisten wir einen Beitrag zum Kampf gegen den pl\u00f6tzlichen Herztod. Institutionen, st\u00e4dtische und soziale Einrichtungen erhalten von einem Philips-Vertriebspartner einen Defibrillator vom Typ HeartStart HS1. Die Anschaffungskosten sowie die Kosten f\u00fcr die Ersteinweisung durch Fachpersonal und s\u00e4mtliche notwendige Serviceleistungen \u00fcbernehmen selbstverst\u00e4ndlich wir. Das [&hellip;]","og_url":"https:\/\/litapro.ch\/?page_id=151","og_site_name":"Litapro Marketing GmbH","article_modified_time":"2026-02-25T09:16:36+00:00","og_image":[{"url":"https:\/\/litapro.ch\/wp-content\/uploads\/2024\/04\/header_website_litapro_ch_4_neues-format.jpg"}],"twitter_card":"summary_large_image","twitter_misc":{"Gesch\u00e4tzte Lesezeit":"2\u00a0Minuten"},"schema":{"@context":"https:\/\/schema.org","@graph":[{"@type":"WebPage","@id":"https:\/\/litapro.ch\/?page_id=151","url":"https:\/\/litapro.ch\/?page_id=151","name":"Defibrillator - Litapro Marketing GmbH","isPartOf":{"@id":"https:\/\/litapro.ch\/#website"},"datePublished":"2023-05-07T21:27:22+00:00","dateModified":"2026-02-25T09:16:36+00:00","breadcrumb":{"@id":"https:\/\/litapro.ch\/?page_id=151#breadcrumb"},"inLanguage":"de","potentialAction":[{"@type":"ReadAction","target":["https:\/\/litapro.ch\/?page_id=151"]}]},{"@type":"BreadcrumbList","@id":"https:\/\/litapro.ch\/?page_id=151#breadcrumb","itemListElement":[{"@type":"ListItem","position":1,"name":"Startseite","item":"https:\/\/litapro.ch\/"},{"@type":"ListItem","position":2,"name":"Defibrillator"}]},{"@type":"WebSite","@id":"https:\/\/litapro.ch\/#website","url":"https:\/\/litapro.ch\/","name":"Litapro Marketing GmbH","description":"","publisher":{"@id":"https:\/\/litapro.ch\/#organization"},"potentialAction":[{"@type":"SearchAction","target":{"@type":"EntryPoint","urlTemplate":"https:\/\/litapro.ch\/?s={search_term_string}"},"query-input":"required name=search_term_string"}],"inLanguage":"de"},{"@type":"Organization","@id":"https:\/\/litapro.ch\/#organization","name":"Litapro Marketing GmbH","url":"https:\/\/litapro.ch\/","logo":{"@type":"ImageObject","inLanguage":"de","@id":"https:\/\/litapro.ch\/#\/schema\/logo\/image\/","url":"https:\/\/litapro.ch\/wp-content\/uploads\/2023\/05\/Logo_Litapro.svg","contentUrl":"https:\/\/litapro.ch\/wp-content\/uploads\/2023\/05\/Logo_Litapro.svg","width":141,"height":141,"caption":"Litapro Marketing GmbH "},"image":{"@id":"https:\/\/litapro.ch\/#\/schema\/logo\/image\/"}}]}},"_links":{"self":[{"href":"https:\/\/litapro.ch\/index.php?rest_route=\/wp\/v2\/pages\/151","targetHints":{"allow":["GET"]}}],"collection":[{"href":"https:\/\/litapro.ch\/index.php?rest_route=\/wp\/v2\/pages"}],"about":[{"href":"https:\/\/litapro.ch\/index.php?rest_route=\/wp\/v2\/types\/page"}],"author":[{"embeddable":true,"href":"https:\/\/litapro.ch\/index.php?rest_route=\/wp\/v2\/users\/1"}],"replies":[{"embeddable":true,"href":"https:\/\/litapro.ch\/index.php?rest_route=%2Fwp%2Fv2%2Fcomments&post=151"}],"version-history":[{"count":85,"href":"https:\/\/litapro.ch\/index.php?rest_route=\/wp\/v2\/pages\/151\/revisions"}],"predecessor-version":[{"id":910,"href":"https:\/\/litapro.ch\/index.php?rest_route=\/wp\/v2\/pages\/151\/revisions\/910"}],"wp:attachment":[{"href":"https:\/\/litapro.ch\/index.php?rest_route=%2Fwp%2Fv2%2Fmedia&parent=151"}],"curies":[{"name":"wp","href":"https:\/\/api.w.org\/{rel}","templated":true}]}}